{"id":1421,"date":"2022-10-24T07:55:44","date_gmt":"2022-10-24T07:55:44","guid":{"rendered":"https:\/\/ise.edu.al\/?page_id=1421"},"modified":"2023-03-30T08:41:37","modified_gmt":"2023-03-30T08:41:37","slug":"misioni-vlerat-perparesit","status":"publish","type":"page","link":"https:\/\/ise.edu.al\/en\/misioni-vlerat-perparesit\/","title":{"rendered":"Mission \/ Values \/ Priorities"},"content":{"rendered":"<div data-elementor-type=\"wp-page\" data-elementor-id=\"1421\" class=\"elementor elementor-1421\">\n\t\t\t\t\t\t\t\t\t<section class=\"elementor-section elementor-top-section elementor-element elementor-element-751af46 elementor-section-boxed elementor-section-height-default elementor-section-height-default row-top\" data-id=\"751af46\" data-element_type=\"section\">\n\t\t\t\t\t\t<div class=\"elementor-container elementor-column-gap-default\">\n\t\t\t\t\t<div class=\"elementor-column elementor-col-100 elementor-top-column elementor-element elementor-element-c2a4e5f column-style-top\" data-id=\"c2a4e5f\" data-element_type=\"column\">\n\t\t\t<div class=\"elementor-widget-wrap elementor-element-populated\">\n\t\t\t\t\t\t\t\t<div class=\"elementor-element elementor-element-af3ab96 elementor-widget elementor-widget-text-editor\" data-id=\"af3ab96\" data-element_type=\"widget\" data-widget_type=\"text-editor.default\">\n\t\t\t\t<div class=\"elementor-widget-container\">\n\t\t\t<style>\/*! elementor - v3.12.1 - 02-04-2023 *\/\n.elementor-widget-text-editor.elementor-drop-cap-view-stacked .elementor-drop-cap{background-color:#69727d;color:#fff}.elementor-widget-text-editor.elementor-drop-cap-view-framed .elementor-drop-cap{color:#69727d;border:3px solid;background-color:transparent}.elementor-widget-text-editor:not(.elementor-drop-cap-view-default) .elementor-drop-cap{margin-top:8px}.elementor-widget-text-editor:not(.elementor-drop-cap-view-default) .elementor-drop-cap-letter{width:1em;height:1em}.elementor-widget-text-editor .elementor-drop-cap{float:left;text-align:center;line-height:1;font-size:50px}.elementor-widget-text-editor .elementor-drop-cap-letter{display:inline-block}<\/style>\t\t\t\t<ul><li><strong><em>VISION<\/em><\/strong><\/li><\/ul><p>ISE, as one of the main units of UT, was created and conceived to develop academic skills, in-depth knowledge on current developments in the field of European integration, integration processes and policies, which today is increasingly of increased interest.<\/p><p>ISE, duke qen\u00eb unike n\u00eb UT n\u00eb programet q\u00eb ofron, synon t\u00eb sh\u00ebrbej\u00eb edhe si <em>think tank<\/em> apo si qend\u00ebr ekselence dhe ekspertize n\u00eb \u00e7\u00ebshtje q\u00eb lidhen me studimet europiane dhe procesin e integrimit evropian t\u00eb vendit, n\u00eb nj\u00eb qasje multidisiplinare.<\/p><p>The Institute of European Studies has as its activity the preparation and continued training of Albanian specialists, within the integration processes of the country, enabling the shaping of skills and competences in matters related to European studies, for which more and more there is increased interest and need for analytical skills and professional competences in the local but also the regional market and beyond.<\/p><p>The goal is for ISE to become a point of reference in the academic field and scientific research at the national and regional level for professionals and researchers in the field of European studies and related disciplines, seeing this in a multidisciplinary approach.<\/p><p>\u00a0<\/p><ul><li><strong><em>MISSION<\/em><\/strong><\/li><\/ul><p>ISE's mission is:<\/p><ul><li>to create, develop, convey knowledge through teaching, scientific research,<\/li><li>to form senior specialists and prepare young scientists in the field of European studies, in accordance with the country's development priorities, contributing to the increase of the standards of democracy in the country;<\/li><li>to provide equal opportunities to benefit from the programs it offers and lifelong learning;<\/li><li>to contribute to the economic, social and cultural development at the national and regional level, through the provision\/deepening of specific scientific and methodological knowledge in European studies and related disciplines\/subfields, to achieve the training of young researchers to carry out the work of independent research, as well as in the presentation and publication of their achievements, as a policy that ISE already has in its priorities.<\/li><li>to support the strategic priorities and development interests of the country, especially in the field of European studies;<\/li><li>to integrate teaching with scientific research, reflecting the work and results of scientific research in the field of European studies and their publication, which will increase the interest of researchers and young researchers.<\/li><li>promote and strengthen international cooperation in the field of European studies.<\/li><\/ul>\t\t\t\t\t\t<\/div>\n\t\t\t\t<\/div>\n\t\t\t\t\t<\/div>\n\t\t<\/div>\n\t\t\t\t\t\t\t<\/div>\n\t\t<\/section>\n\t\t\t\t\t\t\t<\/div>","protected":false},"excerpt":{"rendered":"<p>Vizioni ISE si nj\u00eb nga nj\u00ebsit\u00eb kryesore t\u00eb UT-s\u00eb, \u00ebsht\u00eb krijuar dhe konceptuar p\u00ebr t\u00eb zhvilluar aft\u00ebsi akademike, njohuri t\u00eb thelluara mbi zhvillimet aktuale n\u00eb fush\u00ebn e integrimit evropian, proceseve [&hellip;]<\/p>","protected":false},"author":1,"featured_media":0,"parent":0,"menu_order":0,"comment_status":"closed","ping_status":"closed","template":"","meta":{"footnotes":""},"class_list":["post-1421","page","type-page","status-publish","hentry"],"_links":{"self":[{"href":"https:\/\/ise.edu.al\/en\/wp-json\/wp\/v2\/pages\/1421","targetHints":{"allow":["GET"]}}],"collection":[{"href":"https:\/\/ise.edu.al\/en\/wp-json\/wp\/v2\/pages"}],"about":[{"href":"https:\/\/ise.edu.al\/en\/wp-json\/wp\/v2\/types\/page"}],"author":[{"embeddable":true,"href":"https:\/\/ise.edu.al\/en\/wp-json\/wp\/v2\/users\/1"}],"replies":[{"embeddable":true,"href":"https:\/\/ise.edu.al\/en\/wp-json\/wp\/v2\/comments?post=1421"}],"version-history":[{"count":0,"href":"https:\/\/ise.edu.al\/en\/wp-json\/wp\/v2\/pages\/1421\/revisions"}],"wp:attachment":[{"href":"https:\/\/ise.edu.al\/en\/wp-json\/wp\/v2\/media?parent=1421"}],"curies":[{"name":"wp","href":"https:\/\/api.w.org\/{rel}","templated":true}]}}