{"id":1425,"date":"2022-10-24T07:56:18","date_gmt":"2022-10-24T07:56:18","guid":{"rendered":"https:\/\/ise.edu.al\/?page_id=1425"},"modified":"2023-03-30T08:52:45","modified_gmt":"2023-03-30T08:52:45","slug":"kombetare","status":"publish","type":"page","link":"https:\/\/ise.edu.al\/en\/kombetare\/","title":{"rendered":"National"},"content":{"rendered":"<div data-elementor-type=\"wp-page\" data-elementor-id=\"1425\" class=\"elementor elementor-1425\">\n\t\t\t\t\t\t\t\t\t<section class=\"elementor-section elementor-top-section elementor-element elementor-element-34f3824 elementor-section-boxed elementor-section-height-default elementor-section-height-default row-top\" data-id=\"34f3824\" data-element_type=\"section\">\n\t\t\t\t\t\t<div class=\"elementor-container elementor-column-gap-default\">\n\t\t\t\t\t<div class=\"elementor-column elementor-col-100 elementor-top-column elementor-element elementor-element-e5cc3d8 column-style-top\" data-id=\"e5cc3d8\" data-element_type=\"column\">\n\t\t\t<div class=\"elementor-widget-wrap elementor-element-populated\">\n\t\t\t\t\t\t\t\t<div class=\"elementor-element elementor-element-185902a elementor-widget elementor-widget-text-editor\" data-id=\"185902a\" data-element_type=\"widget\" data-widget_type=\"text-editor.default\">\n\t\t\t\t<div class=\"elementor-widget-container\">\n\t\t\t<style>\/*! elementor - v3.12.1 - 02-04-2023 *\/\n.elementor-widget-text-editor.elementor-drop-cap-view-stacked .elementor-drop-cap{background-color:#69727d;color:#fff}.elementor-widget-text-editor.elementor-drop-cap-view-framed .elementor-drop-cap{color:#69727d;border:3px solid;background-color:transparent}.elementor-widget-text-editor:not(.elementor-drop-cap-view-default) .elementor-drop-cap{margin-top:8px}.elementor-widget-text-editor:not(.elementor-drop-cap-view-default) .elementor-drop-cap-letter{width:1em;height:1em}.elementor-widget-text-editor .elementor-drop-cap{float:left;text-align:center;line-height:1;font-size:50px}.elementor-widget-text-editor .elementor-drop-cap-letter{display:inline-block}<\/style>\t\t\t\t<p>\u2013 Partnership with local and European institutions. The exchange process of ISE-through the approach of UT academics and European experts in the field of studies and European integration. The academic personnel engaged in this program are with long academic and practical experience, experts, and recognized professionals in their fields, while unrepresented among the figures, there are professionals with the highest level in the ranks of the academic staff of UT, but also in Curonian universities. A number of cooperation agreements have been signed and some are nearing finalization except for those where ISE is included as the main unit of UT. Among them we would mention the agreement with the Faculty of Social Sciences, Bmo University, Czech Republic; People's Advocate (19.02.2021), Public Procurement Agency; The relevant Directorate of Industrial Property, as previously agreed, the agreements with the Ministry for Europe and Ancient Affairs are in the final stages. College of Europe, Belgium (in progress); University of Molisc. Italy (in progress). These agreements aim at cooperation for the design of study curricula, teaching, summer school and joint activities; exchange in media, exchange of staff and students; supporting the various internships for students, motivating them in the various applications they make; conception and implementation of joint study programs in the field of European-Balkan studies, such as on the 14E project. ISE has already won: Jean Monnet Chair, whose head is dr. Gentian Elezi \"Building capacities for inclusiveness and ownership in the EU accession process of Albania-OwnEU\". with the aim of raising capacities and deepening knowledge in the process of European integration. Jean Monnet Module. whose leader is prof.as.dr. Eglantina Gishti llannonization and nonnalization of the terminology within the EU Integration context (HNTEUI)\", aiming to create a database and enable human capacities in the harmonization and standardization of terminology in the context of EU integration.<\/p><p>He is a partner in the Jean Monnet Center of Excellence (FFIF) \"Europeanization of Public Policies in Shqip-Cri\". As well. two continuing training courses were held:<\/p><p>\"EU Integration - Background &amp; Perspective\" continuing training course (3 ECTS). with Professor Hubert Petit, former deputy ambassador of the EU in Tirana, \"Doctor Horis Causa\" of the University of Tirana. March - April 2020, organized by the Institute of European Studies (Coordinator - dr. Nocla Mahmuiaj) Summer School - EU meets China, Undcrstanding thc EU-China Relationship\". October 11-25, 2021. organized by ISE, in cooperation with the Confucius Institute\" (Coordinator Dr. Doris Malaj). Also, ISE organizes numerous round tables, scientific conferences, open lectures with the participation of the best local and European professors and experts, thanks to the close cooperation with diplomatic representations of international organizations. in Tirana, such as: European Union, Council of Europe, OSCE, etc. All of these serve the better ability of students and the professional preparation of students for a better approach to the labor market and its demands. <\/p>\t\t\t\t\t\t<\/div>\n\t\t\t\t<\/div>\n\t\t\t\t\t<\/div>\n\t\t<\/div>\n\t\t\t\t\t\t\t<\/div>\n\t\t<\/section>\n\t\t\t\t\t\t\t<\/div>","protected":false},"excerpt":{"rendered":"<p>&#8211; Partneriteti me institucione vendase dhe europiane. Procesi i nderrkombaarizimit t\u00eb ISE-permes afrimit t\u00eb akademik UT dhe eksperteve curopiane n\u00eb fushen e studimeve dhe integrimit europian Personeli akademik i angazhuar [&hellip;]<\/p>","protected":false},"author":1,"featured_media":0,"parent":0,"menu_order":0,"comment_status":"closed","ping_status":"closed","template":"","meta":{"footnotes":""},"class_list":["post-1425","page","type-page","status-publish","hentry"],"_links":{"self":[{"href":"https:\/\/ise.edu.al\/en\/wp-json\/wp\/v2\/pages\/1425","targetHints":{"allow":["GET"]}}],"collection":[{"href":"https:\/\/ise.edu.al\/en\/wp-json\/wp\/v2\/pages"}],"about":[{"href":"https:\/\/ise.edu.al\/en\/wp-json\/wp\/v2\/types\/page"}],"author":[{"embeddable":true,"href":"https:\/\/ise.edu.al\/en\/wp-json\/wp\/v2\/users\/1"}],"replies":[{"embeddable":true,"href":"https:\/\/ise.edu.al\/en\/wp-json\/wp\/v2\/comments?post=1425"}],"version-history":[{"count":0,"href":"https:\/\/ise.edu.al\/en\/wp-json\/wp\/v2\/pages\/1425\/revisions"}],"wp:attachment":[{"href":"https:\/\/ise.edu.al\/en\/wp-json\/wp\/v2\/media?parent=1425"}],"curies":[{"name":"wp","href":"https:\/\/api.w.org\/{rel}","templated":true}]}}