{"id":1427,"date":"2022-10-24T07:56:34","date_gmt":"2022-10-24T07:56:34","guid":{"rendered":"https:\/\/ise.edu.al\/?page_id=1427"},"modified":"2023-03-30T08:47:36","modified_gmt":"2023-03-30T08:47:36","slug":"nderkombetare","status":"publish","type":"page","link":"https:\/\/ise.edu.al\/en\/nderkombetare\/","title":{"rendered":"International"},"content":{"rendered":"<div data-elementor-type=\"wp-page\" data-elementor-id=\"1427\" class=\"elementor elementor-1427\">\n\t\t\t\t\t\t\t\t\t<section class=\"elementor-section elementor-top-section elementor-element elementor-element-c8533e7 elementor-section-boxed elementor-section-height-default elementor-section-height-default row-top\" data-id=\"c8533e7\" data-element_type=\"section\">\n\t\t\t\t\t\t<div class=\"elementor-container elementor-column-gap-default\">\n\t\t\t\t\t<div class=\"elementor-column elementor-col-100 elementor-top-column elementor-element elementor-element-569bbc3 column-style-top\" data-id=\"569bbc3\" data-element_type=\"column\">\n\t\t\t<div class=\"elementor-widget-wrap elementor-element-populated\">\n\t\t\t\t\t\t\t\t<div class=\"elementor-element elementor-element-7a61ced elementor-widget elementor-widget-text-editor\" data-id=\"7a61ced\" data-element_type=\"widget\" data-widget_type=\"text-editor.default\">\n\t\t\t\t<div class=\"elementor-widget-container\">\n\t\t\t<style>\/*! elementor - v3.12.1 - 02-04-2023 *\/\n.elementor-widget-text-editor.elementor-drop-cap-view-stacked .elementor-drop-cap{background-color:#69727d;color:#fff}.elementor-widget-text-editor.elementor-drop-cap-view-framed .elementor-drop-cap{color:#69727d;border:3px solid;background-color:transparent}.elementor-widget-text-editor:not(.elementor-drop-cap-view-default) .elementor-drop-cap{margin-top:8px}.elementor-widget-text-editor:not(.elementor-drop-cap-view-default) .elementor-drop-cap-letter{width:1em;height:1em}.elementor-widget-text-editor .elementor-drop-cap{float:left;text-align:center;line-height:1;font-size:50px}.elementor-widget-text-editor .elementor-drop-cap-letter{display:inline-block}<\/style>\t\t\t\t<p class=\"MsoNormal\"><span lang=\"FR\">Nd\u00ebrkomb\u00ebtarizimi synon:<\/span><\/p><p class=\"MsoNormal\">a. Rritien e njohies nd\u00ebrkomb\u00ebtare t\u00eb diplomave t\u00eb l\u00ebshuara nga ISE:<\/p><p class=\"MsoNormal\">b. Rritja e bashk\u00ebpunimit dhe veprimtaris\u00eb nd\u00ebrkomb\u00ebtare n\u00eb fush\u00ebn akademike e t\u00eb k\u00ebrkimit shkencor, n\u00ebp\u00ebrmjet pjes\u00ebmarrjes n\u00eb programet dhe projektet k\u00ebrkimore komb\u00ebtare,<\/p><p class=\"MsoNormal\">rajonale dhe Evropiane<\/p><p class=\"MsoNormal\">c. Zgjerimi i bashk\u00ebpunimit nd\u00ebrkomb\u00ebtar n\u00eb fush\u00ebn e shk\u00ebmbimit t\u00eb personelit akademik t\u00eb<\/p><p class=\"MsoNormal\">ISE-s\u00eb<\/p><p class=\"MsoNormal\">d. Krijimi i mund\u00ebsive p\u00ebr t\u00eb ofruar diploma t\u00eb p\u00ebrbashk\u00ebta me institucione homologe<\/p><p class=\"MsoNormal\">nd\u00ebrkomb\u00ebtare, kryesisht t\u00eb ciklit t\u00eb dyt\u00eb dhe t\u00eb tret\u00eb t\u00eb studimeve.<\/p><p class=\"MsoNormal\">N\u00eb periudh\u00ebn 2020-2022, jan\u00eb n\u00ebnshkruar disa marr\u00ebveshje me institucione vendase, q\u00eb i<\/p><p class=\"MsoNormal\">sh\u00ebrbejn\u00eb kryesisht zhvillimit t\u00eb praktikave studentore, por jo vet\u00ebm.<\/p><p class=\"MsoNormal\">-Nj\u00eb marr\u00ebveshje bashk\u00ebpunimi me Faculty of Social Studies, Masaryk University, n\u00eb<\/p><p class=\"MsoNormal\">Republiken Ceke.<\/p><p class=\"MsoNormal\">\u00a0Jan\u00eb zhvilluar bisedime me Kolegjin e Europ\u00ebs, n\u00eb Bruges, dhe tashm\u00eb kemi miratimin e tyre<\/p><p class=\"MsoNormal\">p\u00ebr n\u00ebnshkrimin e nj\u00eb marr\u00ebveshjeje mes rektor\u00ebve t\u00eb t\u00eb dyja institucioneve. Marr\u00ebveshja<\/p><p class=\"MsoNormal\">parashikon shk\u00ebmbim stafi, aktivitete t\u00eb p\u00ebrbashketa (Workshop, summer school), mb\u00ebshtetje p\u00ebr<\/p><p class=\"MsoNormal\">p\u00ebrmir\u00ebsimin e kurrikulave etj.) dhe pritet t\u00eb miratohet nga Rektori i UT-s\u00eb.<\/p><p class=\"MsoNormal\">. N\u00eb komunikim me Universitetin e Molise-s po shihet mund\u00ebsia p\u00ebr nj\u00eb diplom\u00eb t\u00eb p\u00ebrbashk\u00ebt masteri n\u00eb &#8220;European and Balkans Studies&#8221;.<\/p><p class=\"MsoNormal\">&#8211; Po diskutohet me Universitetin e Kalabris\u00eb p\u00ebr propozimin e nj\u00eb diplome t\u00eb p\u00ebrbashk\u00ebt masteri<\/p><p class=\"MsoNormal\">profesional n\u00eb Europrogettazione&#8221;.<\/p><p class=\"MsoNormal\">\u2022 \u00cbsht\u00eb p\u00ebrcjell\u00eb, propozimi p\u00ebr n\u00ebnshkrimin e marr\u00ebveshjes me European University Institute,<\/p><p class=\"MsoNormal\">Firenze, p\u00ebrmes s\u00eb cil\u00ebs synohet ti arrihet nj\u00eb diplom\u00eb e p\u00ebrbashk\u00ebt p\u00ebr masterin ekzekutiv n\u00eb &#8220;EU membership and accession negotiations&#8221;<\/p><p class=\"MsoNormal\">P\u00ebrmes k\u00ebtij bashk\u00ebpunimi n\u00eb rritje synohet:<\/p><p class=\"MsoNormal\">\u2022 t\u00eb ritet numri i bashk\u00ebpunimeve p\u00ebr realizimin e mobiliteteve;<\/p><p class=\"MsoNormal\">t\u00eb rritet numri i pjes\u00ebmarrjes n\u00eb projekte p\u00ebr ngritjen e kapaciteteve;<\/p><p class=\"MsoNormal\">\u2022 t\u00eb hartohet dhe aplikohet nj\u00eb ofert\u00eb akademike p\u00ebr student\u00ebt nd\u00ebrkomb\u00ebtar\u00eb;<\/p><p class=\"MsoNormal\">\u2022 t\u00eb ofrohen module e l\u00ebnde n\u00eb gjuh\u00ebn angleze;<\/p><p class=\"MsoNormal\">\u2022 t\u00eb organizohen dhe bashk\u00eborganizohen aktivitete nd\u00ebrkomb\u00ebtare t\u00eb k\u00ebrkimit shkencor;<\/p><p class=\"MsoNormal\">\u2022 t\u00eb bashk\u00ebpunohet me personel akademik t\u00eb huaj p\u00ebr shk\u00ebmbim p\u00ebrvojash dhe ekspertize<\/p><p class=\"MsoNormal\">n\u00eb fusha specifike dhe me interes p\u00ebr institucionin;<\/p><p class=\"MsoNormal\">\u2022 t\u00eb krijohen produkte k\u00ebrkimore shkencore dhe t\u00eb promovohen ato;<\/p><p>t\u00eb ftohen si profesor\u00eb t\u00eb ftuar personalitete t\u00eb nderuara nd\u00ebrkomb\u00ebtare.<\/p>\t\t\t\t\t\t<\/div>\n\t\t\t\t<\/div>\n\t\t\t\t\t<\/div>\n\t\t<\/div>\n\t\t\t\t\t\t\t<\/div>\n\t\t<\/section>\n\t\t\t\t\t\t\t<\/div>","protected":false},"excerpt":{"rendered":"<p>Nd\u00ebrkomb\u00ebtarizimi synon: a. Rritien e njohies nd\u00ebrkomb\u00ebtare t\u00eb diplomave t\u00eb l\u00ebshuara nga ISE: b. Rritja e bashk\u00ebpunimit dhe veprimtaris\u00eb nd\u00ebrkomb\u00ebtare n\u00eb fush\u00ebn akademike e t\u00eb k\u00ebrkimit shkencor, n\u00ebp\u00ebrmjet pjes\u00ebmarrjes n\u00eb [&hellip;]<\/p>","protected":false},"author":1,"featured_media":0,"parent":0,"menu_order":0,"comment_status":"closed","ping_status":"closed","template":"","meta":{"footnotes":""},"class_list":["post-1427","page","type-page","status-publish","hentry"],"_links":{"self":[{"href":"https:\/\/ise.edu.al\/en\/wp-json\/wp\/v2\/pages\/1427","targetHints":{"allow":["GET"]}}],"collection":[{"href":"https:\/\/ise.edu.al\/en\/wp-json\/wp\/v2\/pages"}],"about":[{"href":"https:\/\/ise.edu.al\/en\/wp-json\/wp\/v2\/types\/page"}],"author":[{"embeddable":true,"href":"https:\/\/ise.edu.al\/en\/wp-json\/wp\/v2\/users\/1"}],"replies":[{"embeddable":true,"href":"https:\/\/ise.edu.al\/en\/wp-json\/wp\/v2\/comments?post=1427"}],"version-history":[{"count":0,"href":"https:\/\/ise.edu.al\/en\/wp-json\/wp\/v2\/pages\/1427\/revisions"}],"wp:attachment":[{"href":"https:\/\/ise.edu.al\/en\/wp-json\/wp\/v2\/media?parent=1427"}],"curies":[{"name":"wp","href":"https:\/\/api.w.org\/{rel}","templated":true}]}}