{"id":1433,"date":"2022-10-24T08:07:32","date_gmt":"2022-10-24T08:07:32","guid":{"rendered":"https:\/\/ise.edu.al\/?page_id=1433"},"modified":"2023-04-10T19:34:09","modified_gmt":"2023-04-10T19:34:09","slug":"njesia-e-sigurimit-te-cilesise","status":"publish","type":"page","link":"https:\/\/ise.edu.al\/en\/njesia-e-sigurimit-te-cilesise\/","title":{"rendered":"Quality Assurance Unit"},"content":{"rendered":"<div data-elementor-type=\"wp-page\" data-elementor-id=\"1433\" class=\"elementor elementor-1433\">\n\t\t\t\t\t\t\t\t\t<section class=\"elementor-section elementor-top-section elementor-element elementor-element-4b440e9 elementor-section-boxed elementor-section-height-default elementor-section-height-default row-top\" data-id=\"4b440e9\" data-element_type=\"section\">\n\t\t\t\t\t\t<div class=\"elementor-container elementor-column-gap-default\">\n\t\t\t\t\t<div class=\"elementor-column elementor-col-100 elementor-top-column elementor-element elementor-element-6f2d95a column-style-top\" data-id=\"6f2d95a\" data-element_type=\"column\">\n\t\t\t<div class=\"elementor-widget-wrap elementor-element-populated\">\n\t\t\t\t\t\t\t\t<div class=\"elementor-element elementor-element-751d069 elementor-widget elementor-widget-text-editor\" data-id=\"751d069\" data-element_type=\"widget\" data-widget_type=\"text-editor.default\">\n\t\t\t\t<div class=\"elementor-widget-container\">\n\t\t\t<style>\/*! elementor - v3.12.1 - 02-04-2023 *\/\n.elementor-widget-text-editor.elementor-drop-cap-view-stacked .elementor-drop-cap{background-color:#69727d;color:#fff}.elementor-widget-text-editor.elementor-drop-cap-view-framed .elementor-drop-cap{color:#69727d;border:3px solid;background-color:transparent}.elementor-widget-text-editor:not(.elementor-drop-cap-view-default) .elementor-drop-cap{margin-top:8px}.elementor-widget-text-editor:not(.elementor-drop-cap-view-default) .elementor-drop-cap-letter{width:1em;height:1em}.elementor-widget-text-editor .elementor-drop-cap{float:left;text-align:center;line-height:1;font-size:50px}.elementor-widget-text-editor .elementor-drop-cap-letter{display:inline-block}<\/style>\t\t\t\t<p>The Internal Quality Assurance Unit at the Institute of European Studies (IES) is a cross-academic supportive structure with an administrative character, which has operational autonomy and access to all the Institute's data. This unit is subordinate to the Director and consists of: Dr. Elena Polo (lecturer), Dr. Noela Mahmutaj (lecturer) and Uendi Belba (student).\u00a0\u00a0<\/p><p>The Internal Quality Assurance Unit (IQAU) at IES has the following functions:<\/p><ul><li>To implement the policy of the University for quality assurance, cooperating closely with the QAU of Tirana University (TU) and those of other main units to exchange experiences and participate in joint trainings organized either by TU or by the Quality Assurance Agency in Higher Education (QAAHE);<\/li><li>To plan the internal evaluation process in the framework of the institutional evaluation and that of the study programs, as well as to assist the internal quality evaluation team for the preparation of the final report;<\/li><li>To organize periodic monitoring and evaluation activities throughout the academic year, according to an annual plan or calendar drawn up in advance for each academic year;<\/li><li>To assess and evaluate periodically the results of teaching, research and administrative activities;<\/li><li>To organize the student evaluation process for the quality of teaching, in accordance with the appointed calendar, at the end of each semester or before the exam season;<\/li><li>To prepare the annual report for quality assurance in IES;<\/li><li>To carry out tracking studies to evaluate the progress of student employment in the labor market and the efficiency of the programs offered;<\/li><li>To organize activities for quality improvement, such as trainings with the internal evaluation team, with academic and administrative staff, as well as with students;<\/li><li>To share the best quality assurance practices with all actors of IES;<\/li><li>To inform IES actors and the public about the results of monitoring, assessment and accreditation through different forms and channels of communication;<\/li><li>To create, enrich and maintain the system of processing and storage of internal monitoring and evaluation data;<\/li><li>To record the results of all monitoring, evaluations and accreditations of IES as well as those of specific programs.<\/li><\/ul>\t\t\t\t\t\t<\/div>\n\t\t\t\t<\/div>\n\t\t\t\t\t<\/div>\n\t\t<\/div>\n\t\t\t\t\t\t\t<\/div>\n\t\t<\/section>\n\t\t\t\t\t\t\t<\/div>","protected":false},"excerpt":{"rendered":"<p>Nj\u00ebsia e Brendshme e Sigurimit t\u00eb Cil\u00ebsis\u00eb n\u00eb Institutin e Studimeve Europiane (ISE) \u00ebsht\u00eb nj\u00eb struktur\u00eb ndihm\u00ebs-akademike me karakter administrativ, q\u00eb ka autonomi operative dhe akses n\u00eb t\u00eb gjitha t\u00eb [&hellip;]<\/p>","protected":false},"author":1,"featured_media":0,"parent":0,"menu_order":0,"comment_status":"closed","ping_status":"closed","template":"","meta":{"footnotes":""},"class_list":["post-1433","page","type-page","status-publish","hentry"],"_links":{"self":[{"href":"https:\/\/ise.edu.al\/en\/wp-json\/wp\/v2\/pages\/1433","targetHints":{"allow":["GET"]}}],"collection":[{"href":"https:\/\/ise.edu.al\/en\/wp-json\/wp\/v2\/pages"}],"about":[{"href":"https:\/\/ise.edu.al\/en\/wp-json\/wp\/v2\/types\/page"}],"author":[{"embeddable":true,"href":"https:\/\/ise.edu.al\/en\/wp-json\/wp\/v2\/users\/1"}],"replies":[{"embeddable":true,"href":"https:\/\/ise.edu.al\/en\/wp-json\/wp\/v2\/comments?post=1433"}],"version-history":[{"count":0,"href":"https:\/\/ise.edu.al\/en\/wp-json\/wp\/v2\/pages\/1433\/revisions"}],"wp:attachment":[{"href":"https:\/\/ise.edu.al\/en\/wp-json\/wp\/v2\/media?parent=1433"}],"curies":[{"name":"wp","href":"https:\/\/api.w.org\/{rel}","templated":true}]}}