{"id":1447,"date":"2022-10-24T08:12:39","date_gmt":"2022-10-24T08:12:39","guid":{"rendered":"https:\/\/ise.edu.al\/?page_id=1447"},"modified":"2024-11-25T00:25:43","modified_gmt":"2024-11-25T00:25:43","slug":"publikime","status":"publish","type":"page","link":"https:\/\/ise.edu.al\/en\/publikime\/","title":{"rendered":"Publications"},"content":{"rendered":"<div data-elementor-type=\"wp-page\" data-elementor-id=\"1447\" class=\"elementor elementor-1447\">\n\t\t\t\t\t\t\t\t\t<section class=\"elementor-section elementor-top-section elementor-element elementor-element-4354ac5 elementor-section-boxed elementor-section-height-default elementor-section-height-default row-top\" data-id=\"4354ac5\" data-element_type=\"section\">\n\t\t\t\t\t\t<div class=\"elementor-container elementor-column-gap-default\">\n\t\t\t\t\t<div class=\"elementor-column elementor-col-100 elementor-top-column elementor-element elementor-element-624c8c3 column-style-top\" data-id=\"624c8c3\" data-element_type=\"column\">\n\t\t\t<div class=\"elementor-widget-wrap elementor-element-populated\">\n\t\t\t\t\t\t\t\t<div class=\"elementor-element elementor-element-4db8304 elementor-widget elementor-widget-text-editor\" data-id=\"4db8304\" data-element_type=\"widget\" data-widget_type=\"text-editor.default\">\n\t\t\t\t<div class=\"elementor-widget-container\">\n\t\t\t<style>\/*! elementor - v3.12.1 - 02-04-2023 *\/\n.elementor-widget-text-editor.elementor-drop-cap-view-stacked .elementor-drop-cap{background-color:#69727d;color:#fff}.elementor-widget-text-editor.elementor-drop-cap-view-framed .elementor-drop-cap{color:#69727d;border:3px solid;background-color:transparent}.elementor-widget-text-editor:not(.elementor-drop-cap-view-default) .elementor-drop-cap{margin-top:8px}.elementor-widget-text-editor:not(.elementor-drop-cap-view-default) .elementor-drop-cap-letter{width:1em;height:1em}.elementor-widget-text-editor .elementor-drop-cap{float:left;text-align:center;line-height:1;font-size:50px}.elementor-widget-text-editor .elementor-drop-cap-letter{display:inline-block}<\/style>\t\t\t\t<p>Monography <br \/>Albania-Russia Relations After the Communism. Instituti i Studimeve Evropiane UT. Tirana. 2023. ISBN 9789928472120.<\/p><p>Conference paper <br \/>China\u2019s Belt and Road Initiative in the WB6: Economic or Geopolitical Project?. Sabor politikologa, 2024. &#8211; Vol. 17, p. 235\u2013240<\/p><p>Policy paper <br \/>How is Croatia assisting the Western Balkans and Albania in joining the EU?. In: Jurekovic, P., Knezovic, S. (eds) Croatia&#8217;s Accession to the Eurozone and Schengen Area \u2013. Potential Impact on Southeast Europe. PfP Consortium. 2024: 87-94. ISBN 9783903359864.<\/p><p>Research paper <br \/>Assessing Determinants and Impact of Possible Russian Influence in the Western Balkan Countries. Baltic Journal of Law &amp; Politics, vol.16, no.1, 2023: 148-173 (coauthor) <br \/><br \/>Conference paper <br \/>EU-Russia relations after the war in Ukraine. Institute of European Studies. UT. 2023: 49-58. ISBN 9789928472137 <br \/><br \/>Book chapter <br \/>Russian Government Policy in the Western Balkans. In: Mihr, A., Sorbello, P., Weiffen, B. (eds) Securitization and Democracy in Eurasia. Springer Cham.: 2022: 125-135. https:\/\/doi.org\/10.1007\/978-3-031-16659-4_8<\/p><p>Conference paper<br \/>Roli i Rusis\u00eb n\u00eb Ballkanin Per\u00ebndimor gjat\u00eb viteve t\u00eb fundit\u201d. Onufri: 2022: 76-83. ISBN: 978-9928-4721-1-3.<\/p>\t\t\t\t\t\t<\/div>\n\t\t\t\t<\/div>\n\t\t\t\t\t<\/div>\n\t\t<\/div>\n\t\t\t\t\t\t\t<\/div>\n\t\t<\/section>\n\t\t\t\t\t\t\t<\/div>","protected":false},"excerpt":{"rendered":"<p>Monography Albania-Russia Relations After the Communism. Instituti i Studimeve Evropiane UT. Tirana. 2023. ISBN 9789928472120. Conference paper China\u2019s Belt and Road Initiative in the WB6: Economic or Geopolitical Project?. Sabor [&hellip;]<\/p>","protected":false},"author":1,"featured_media":0,"parent":0,"menu_order":0,"comment_status":"closed","ping_status":"closed","template":"","meta":{"footnotes":""},"class_list":["post-1447","page","type-page","status-publish","hentry"],"_links":{"self":[{"href":"https:\/\/ise.edu.al\/en\/wp-json\/wp\/v2\/pages\/1447","targetHints":{"allow":["GET"]}}],"collection":[{"href":"https:\/\/ise.edu.al\/en\/wp-json\/wp\/v2\/pages"}],"about":[{"href":"https:\/\/ise.edu.al\/en\/wp-json\/wp\/v2\/types\/page"}],"author":[{"embeddable":true,"href":"https:\/\/ise.edu.al\/en\/wp-json\/wp\/v2\/users\/1"}],"replies":[{"embeddable":true,"href":"https:\/\/ise.edu.al\/en\/wp-json\/wp\/v2\/comments?post=1447"}],"version-history":[{"count":3,"href":"https:\/\/ise.edu.al\/en\/wp-json\/wp\/v2\/pages\/1447\/revisions"}],"predecessor-version":[{"id":2445,"href":"https:\/\/ise.edu.al\/en\/wp-json\/wp\/v2\/pages\/1447\/revisions\/2445"}],"wp:attachment":[{"href":"https:\/\/ise.edu.al\/en\/wp-json\/wp\/v2\/media?parent=1447"}],"curies":[{"name":"wp","href":"https:\/\/api.w.org\/{rel}","templated":true}]}}