{"id":1448,"date":"2022-10-24T08:12:50","date_gmt":"2022-10-24T08:12:50","guid":{"rendered":"https:\/\/ise.edu.al\/?page_id=1448"},"modified":"2024-11-24T22:42:50","modified_gmt":"2024-11-24T22:42:50","slug":"klube-studentore","status":"publish","type":"page","link":"https:\/\/ise.edu.al\/en\/klube-studentore\/","title":{"rendered":"Student clubs"},"content":{"rendered":"<div data-elementor-type=\"wp-page\" data-elementor-id=\"1448\" class=\"elementor elementor-1448\">\n\t\t\t\t\t\t\t\t\t<section class=\"elementor-section elementor-top-section elementor-element elementor-element-439b0d5 elementor-section-boxed elementor-section-height-default elementor-section-height-default row-top\" data-id=\"439b0d5\" data-element_type=\"section\">\n\t\t\t\t\t\t<div class=\"elementor-container elementor-column-gap-default\">\n\t\t\t\t\t<div class=\"elementor-column elementor-col-100 elementor-top-column elementor-element elementor-element-677d0e3 column-style-top\" data-id=\"677d0e3\" data-element_type=\"column\">\n\t\t\t<div class=\"elementor-widget-wrap elementor-element-populated\">\n\t\t\t\t\t\t\t\t<div class=\"elementor-element elementor-element-d233d47 elementor-widget elementor-widget-text-editor\" data-id=\"d233d47\" data-element_type=\"widget\" data-widget_type=\"text-editor.default\">\n\t\t\t\t<div class=\"elementor-widget-container\">\n\t\t\t<style>\/*! elementor - v3.12.1 - 02-04-2023 *\/\n.elementor-widget-text-editor.elementor-drop-cap-view-stacked .elementor-drop-cap{background-color:#69727d;color:#fff}.elementor-widget-text-editor.elementor-drop-cap-view-framed .elementor-drop-cap{color:#69727d;border:3px solid;background-color:transparent}.elementor-widget-text-editor:not(.elementor-drop-cap-view-default) .elementor-drop-cap{margin-top:8px}.elementor-widget-text-editor:not(.elementor-drop-cap-view-default) .elementor-drop-cap-letter{width:1em;height:1em}.elementor-widget-text-editor .elementor-drop-cap{float:left;text-align:center;line-height:1;font-size:50px}.elementor-widget-text-editor .elementor-drop-cap-letter{display:inline-block}<\/style>\t\t\t\t<p>ISE ka si objektiv t\u00eb pajis\u00eb student\u00ebt m\u00eb njohuri t\u00eb thelluara, teorike dhe praktike, si dhe trajnim p\u00ebr k\u00ebrkim shkencor n\u00eb fush\u00ebn e studimeve evropiane.<\/p><p>P\u00ebrmir\u00ebsimi dhe rritja e cil\u00ebsis\u00eb s\u00eb sh\u00ebrbimeve ndaj student\u00ebve \u00ebsht\u00eb nj\u00eb nga prioritetet kryesore t\u00eb ISE-s\u00eb. ISE mb\u00ebshtet dhe orienton student\u00ebt n\u00eb lidhje me qart\u00ebsimin dhe njohjen e objektivave t\u00eb secilit prej programeve master q\u00eb ofron ISE dhe mund\u00ebsit\u00eb\/avantazhet e k\u00ebtyre programeve p\u00ebr student\u00ebt q\u00eb do t&#8217;i ndjekin ato, karrier\u00ebn e tyre profesionale dhe orientimin m\u00eb t\u00eb mir\u00eb n\u00eb tregun e pun\u00ebs.<\/p><p>Duke krijuar nj\u00eb kultur\u00eb sh\u00ebrbimi cil\u00ebsor dhe m\u00ebsimdh\u00ebnie bashk\u00ebkohore synohet:<\/p><ul><li>p\u00ebrmir\u00ebsimi dhe rritja e cil\u00ebsis\u00eb s\u00eb sh\u00ebrbimeve ndaj student\u00ebve n\u00ebp\u00ebrmjet informimit, k\u00ebshillimit, si dhe orientimit t\u00eb tyre;<\/li><li>kontributi ne krijimin dhe p\u00ebrmir\u00ebsimin e nj\u00eb infrastrukture t\u00eb p\u00ebrshtashme dhe funksionale n\u00eb sh\u00ebrbim t\u00eb student\u00ebve p\u00ebr realizimin\/p\u00ebrmbushjen e detyrimeve akademike;<\/li><li>p\u00ebrmir\u00ebsimi dhe zbatimi i nj\u00eb politik\u00eb gjithp\u00ebrfshir\u00ebse akademike dhe n\u00eb vendimmarrje;<\/li><li>p\u00ebrmir\u00ebsimi i aksesit n\u00eb sistemit e informacionit n\u00eb nivel institucional duke synuar paraqitje t\u00eb plot\u00eb, t\u00eb sakt\u00eb e t\u00eb p\u00ebrdit\u00ebsuar t\u00eb informacionit p\u00ebr student\u00ebt q\u00eb lidhet me veprimtarin\u00eb e ISE, ve\u00e7an\u00ebrisht me procesin m\u00ebsimor;<\/li><li>optimizimi i shfryt\u00ebzimit t\u00eb teknikave innovative t\u00eb m\u00ebsimdh\u00ebnies-m\u00ebsimnx\u00ebnies;<\/li><li>ruajtjen e kontakteve me student\u00ebt e diplomuar n\u00eb vite (alumni), p\u00ebr t\u00eb gjurmuar t\u00eb diplomuarit si dhe p\u00ebr t\u00eb ruajtur lidhjet me universitetin, si promovues t\u00eb vlerave t\u00eb tij.<\/li><\/ul><p><strong>\u00a0<\/strong><\/p><p>\u00a0<\/p><p>P\u00ebrmes pjes\u00ebmarrjes n\u00eb aktivitete shkencore t\u00eb organizuara nga ISE n\u00eb bashk\u00ebpunim edhe me institucione t\u00eb tjera, b\u00ebhet e mundur pjes\u00ebmarrja e student\u00ebve t\u00eb programeve master dhe doktoratur\u00eb n\u00eb k\u00ebto aktivitete.<\/p><p>Gjithashtu, p\u00ebrmes programeve aktuale dhe diversifikimit t\u00eb ofert\u00ebs akademike ne synojm\u00eb p\u00ebrthithjen jo vet\u00ebm t\u00eb student\u00ebve vendas, por edhe ata shqiptar\u00eb q\u00eb vijn\u00eb nga vendet e tjera t\u00eb rajonit, si dhe student\u00eb t\u00eb huaj.<\/p><p>\u00a0<\/p><p>Programet q\u00eb ofron ISE u mund\u00ebsojn\u00eb student\u00ebve t\u00eb avancojn\u00eb n\u00eb dijet, k\u00ebrkimin dhe karrier\u00ebn e tyre individuale. Marrja e nj\u00eb diplome n\u00eb fushat e studimeve evropiane q\u00eb lidhen me programet e studimit n\u00eb ISE, mund t\u00eb sjell\u00eb p\u00ebrfitime n\u00eb drejtim t\u00eb promovimit n\u00eb karrier\u00eb dhe mobilitetit, si dhe nj\u00eb reflektim m\u00eb t\u00eb mir\u00eb p\u00ebr nj\u00eb projektim m\u00eb afatgjat\u00eb t\u00eb karrier\u00ebs.<\/p>\t\t\t\t\t\t<\/div>\n\t\t\t\t<\/div>\n\t\t\t\t\t<\/div>\n\t\t<\/div>\n\t\t\t\t\t\t\t<\/div>\n\t\t<\/section>\n\t\t\t\t\t\t\t<\/div>","protected":false},"excerpt":{"rendered":"<p>ISE ka si objektiv t\u00eb pajis\u00eb student\u00ebt m\u00eb njohuri t\u00eb thelluara, teorike dhe praktike, si dhe trajnim p\u00ebr k\u00ebrkim shkencor n\u00eb fush\u00ebn e studimeve evropiane. P\u00ebrmir\u00ebsimi dhe rritja e cil\u00ebsis\u00eb [&hellip;]<\/p>","protected":false},"author":1,"featured_media":0,"parent":0,"menu_order":0,"comment_status":"closed","ping_status":"closed","template":"","meta":{"footnotes":""},"class_list":["post-1448","page","type-page","status-publish","hentry"],"_links":{"self":[{"href":"https:\/\/ise.edu.al\/en\/wp-json\/wp\/v2\/pages\/1448","targetHints":{"allow":["GET"]}}],"collection":[{"href":"https:\/\/ise.edu.al\/en\/wp-json\/wp\/v2\/pages"}],"about":[{"href":"https:\/\/ise.edu.al\/en\/wp-json\/wp\/v2\/types\/page"}],"author":[{"embeddable":true,"href":"https:\/\/ise.edu.al\/en\/wp-json\/wp\/v2\/users\/1"}],"replies":[{"embeddable":true,"href":"https:\/\/ise.edu.al\/en\/wp-json\/wp\/v2\/comments?post=1448"}],"version-history":[{"count":3,"href":"https:\/\/ise.edu.al\/en\/wp-json\/wp\/v2\/pages\/1448\/revisions"}],"predecessor-version":[{"id":2416,"href":"https:\/\/ise.edu.al\/en\/wp-json\/wp\/v2\/pages\/1448\/revisions\/2416"}],"wp:attachment":[{"href":"https:\/\/ise.edu.al\/en\/wp-json\/wp\/v2\/media?parent=1448"}],"curies":[{"name":"wp","href":"https:\/\/api.w.org\/{rel}","templated":true}]}}