{"id":1475,"date":"2022-10-24T08:26:33","date_gmt":"2022-10-24T08:26:33","guid":{"rendered":"https:\/\/ise.edu.al\/?page_id=1475"},"modified":"2024-11-24T22:39:52","modified_gmt":"2024-11-24T22:39:52","slug":"praktika-mesimore","status":"publish","type":"page","link":"https:\/\/ise.edu.al\/en\/praktika-mesimore\/","title":{"rendered":"Teaching practice"},"content":{"rendered":"<div data-elementor-type=\"wp-page\" data-elementor-id=\"1475\" class=\"elementor elementor-1475\">\n\t\t\t\t\t\t\t\t\t<section class=\"elementor-section elementor-top-section elementor-element elementor-element-b4c50b7 elementor-section-boxed elementor-section-height-default elementor-section-height-default row-top\" data-id=\"b4c50b7\" data-element_type=\"section\">\n\t\t\t\t\t\t<div class=\"elementor-container elementor-column-gap-default\">\n\t\t\t\t\t<div class=\"elementor-column elementor-col-100 elementor-top-column elementor-element elementor-element-062b569 column-style-top\" data-id=\"062b569\" data-element_type=\"column\">\n\t\t\t<div class=\"elementor-widget-wrap elementor-element-populated\">\n\t\t\t\t\t\t\t\t<div class=\"elementor-element elementor-element-2cd560b elementor-widget elementor-widget-text-editor\" data-id=\"2cd560b\" data-element_type=\"widget\" data-widget_type=\"text-editor.default\">\n\t\t\t\t<div class=\"elementor-widget-container\">\n\t\t\t<style>\/*! elementor - v3.12.1 - 02-04-2023 *\/\n.elementor-widget-text-editor.elementor-drop-cap-view-stacked .elementor-drop-cap{background-color:#69727d;color:#fff}.elementor-widget-text-editor.elementor-drop-cap-view-framed .elementor-drop-cap{color:#69727d;border:3px solid;background-color:transparent}.elementor-widget-text-editor:not(.elementor-drop-cap-view-default) .elementor-drop-cap{margin-top:8px}.elementor-widget-text-editor:not(.elementor-drop-cap-view-default) .elementor-drop-cap-letter{width:1em;height:1em}.elementor-widget-text-editor .elementor-drop-cap{float:left;text-align:center;line-height:1;font-size:50px}.elementor-widget-text-editor .elementor-drop-cap-letter{display:inline-block}<\/style>\t\t\t\t<p>Programet e studimit n\u00eb ISE jan\u00eb nd\u00ebrtuar dhe azhornuar p\u00ebr t\u2019iu p\u00ebrshtatur ndryshimeve dhe zhvillimeve n\u00eb fush\u00ebn e arsimit t\u00eb lart\u00eb, reformave institucionale q\u00eb kan\u00eb ndodhur n\u00eb vend, ecuris\u00eb s\u00eb proceseve t\u00eb integrimit europian t\u00eb vendit, etj. Fokusi qendron tek p\u00ebrshtatja dhe adoptimi me ndryshimet e legjislacionit t\u00eb arsimit t\u00eb lart\u00eb dhe qenia n\u00eb koherenc\u00eb me nevojat e tregut t\u00eb pun\u00ebs p\u00ebr specialist\u00eb t\u00eb fushave q\u00eb mbulon ISE.<\/p><p>\u00a0<\/p><p>Nisur nga objektivat e programeve t\u00eb studimit q\u00eb ofron ISE, aft\u00ebsimi profesional dhe angazhimi i student\u00ebve n\u00eb praktika profesionale, z\u00eb nj\u00eb vend me r\u00ebnd\u00ebsi n\u00eb veprimtarit\u00eb dhe struktur\u00ebn e programeve t\u00eb studimit.<\/p><p>N\u00eb programet Master i Shkencave, praktika profesionale p\u00ebrb\u00ebn 10% t\u00eb krediteve t\u00eb programeve t\u00eb studimit (12 ECTS) dhe zhvillohet n\u00eb bashk\u00ebpunim me subjekte t\u00eb ndryshme, sipas marr\u00ebveshjeve t\u00eb p\u00ebrbashk\u00ebta, t\u00eb n\u00ebnshkruara p\u00ebr k\u00ebt\u00eb q\u00ebllim.<\/p><p>Praktika zhvillohet n\u00eb bashk\u00ebpunim me subjekte publike apo private n\u00eb funksion t\u00eb objektivave t\u00eb\u00a0 programeve t\u00eb studimit q\u00eb ofron ISE, dhe n\u00ebn drejtimin e personelit akademik t\u00eb caktuar p\u00ebr k\u00ebt\u00eb q\u00ebllim.<\/p><p>\u00a0<\/p>\t\t\t\t\t\t<\/div>\n\t\t\t\t<\/div>\n\t\t\t\t\t<\/div>\n\t\t<\/div>\n\t\t\t\t\t\t\t<\/div>\n\t\t<\/section>\n\t\t\t\t\t\t\t<\/div>","protected":false},"excerpt":{"rendered":"<p>Programet e studimit n\u00eb ISE jan\u00eb nd\u00ebrtuar dhe azhornuar p\u00ebr t\u2019iu p\u00ebrshtatur ndryshimeve dhe zhvillimeve n\u00eb fush\u00ebn e arsimit t\u00eb lart\u00eb, reformave institucionale q\u00eb kan\u00eb ndodhur n\u00eb vend, ecuris\u00eb s\u00eb [&hellip;]<\/p>","protected":false},"author":1,"featured_media":0,"parent":0,"menu_order":0,"comment_status":"closed","ping_status":"closed","template":"","meta":{"footnotes":""},"class_list":["post-1475","page","type-page","status-publish","hentry"],"_links":{"self":[{"href":"https:\/\/ise.edu.al\/en\/wp-json\/wp\/v2\/pages\/1475","targetHints":{"allow":["GET"]}}],"collection":[{"href":"https:\/\/ise.edu.al\/en\/wp-json\/wp\/v2\/pages"}],"about":[{"href":"https:\/\/ise.edu.al\/en\/wp-json\/wp\/v2\/types\/page"}],"author":[{"embeddable":true,"href":"https:\/\/ise.edu.al\/en\/wp-json\/wp\/v2\/users\/1"}],"replies":[{"embeddable":true,"href":"https:\/\/ise.edu.al\/en\/wp-json\/wp\/v2\/comments?post=1475"}],"version-history":[{"count":3,"href":"https:\/\/ise.edu.al\/en\/wp-json\/wp\/v2\/pages\/1475\/revisions"}],"predecessor-version":[{"id":2413,"href":"https:\/\/ise.edu.al\/en\/wp-json\/wp\/v2\/pages\/1475\/revisions\/2413"}],"wp:attachment":[{"href":"https:\/\/ise.edu.al\/en\/wp-json\/wp\/v2\/media?parent=1475"}],"curies":[{"name":"wp","href":"https:\/\/api.w.org\/{rel}","templated":true}]}}