{"id":1585,"date":"2023-02-09T23:18:16","date_gmt":"2023-02-09T23:18:16","guid":{"rendered":"https:\/\/ise.edu.al\/?page_id=1585"},"modified":"2023-03-30T11:16:20","modified_gmt":"2023-03-30T11:16:20","slug":"master-i-shkencave-ne-politika-dhe-qeverisja-ne-evrope","status":"publish","type":"page","link":"https:\/\/ise.edu.al\/en\/master-i-shkencave-ne-politika-dhe-qeverisja-ne-evrope\/","title":{"rendered":"Master i Shkencave n\u00eb &#8220;Politika dhe Qeverisja n\u00eb Evrop\u00eb&#8221;"},"content":{"rendered":"<div data-elementor-type=\"wp-page\" data-elementor-id=\"1585\" class=\"elementor elementor-1585\">\n\t\t\t\t\t\t\t\t\t<section class=\"elementor-section elementor-top-section elementor-element elementor-element-45988ac elementor-section-boxed elementor-section-height-default elementor-section-height-default row-top\" data-id=\"45988ac\" data-element_type=\"section\">\n\t\t\t\t\t\t<div class=\"elementor-container elementor-column-gap-default\">\n\t\t\t\t\t<div class=\"elementor-column elementor-col-100 elementor-top-column elementor-element elementor-element-56b52fa column-style-top\" data-id=\"56b52fa\" data-element_type=\"column\">\n\t\t\t<div class=\"elementor-widget-wrap elementor-element-populated\">\n\t\t\t\t\t\t\t\t<div class=\"elementor-element elementor-element-dad0498 elementor-widget elementor-widget-text-editor\" data-id=\"dad0498\" data-element_type=\"widget\" data-widget_type=\"text-editor.default\">\n\t\t\t\t<div class=\"elementor-widget-container\">\n\t\t\t<style>\/*! elementor - v3.12.1 - 02-04-2023 *\/\n.elementor-widget-text-editor.elementor-drop-cap-view-stacked .elementor-drop-cap{background-color:#69727d;color:#fff}.elementor-widget-text-editor.elementor-drop-cap-view-framed .elementor-drop-cap{color:#69727d;border:3px solid;background-color:transparent}.elementor-widget-text-editor:not(.elementor-drop-cap-view-default) .elementor-drop-cap{margin-top:8px}.elementor-widget-text-editor:not(.elementor-drop-cap-view-default) .elementor-drop-cap-letter{width:1em;height:1em}.elementor-widget-text-editor .elementor-drop-cap{float:left;text-align:center;line-height:1;font-size:50px}.elementor-widget-text-editor .elementor-drop-cap-letter{display:inline-block}<\/style>\t\t\t\t<p>This master programme provides a comprehensive approach regarding the functioning of institutions and governance in Europe and in the EU. Its curricula offers a broad specter of main concepts on how the policy framework is built and developed throughout Europe. Focusing on building and strengthening academic and professional capacities of participants in the area of European studies, the programme helps to better understand and use the knowledge on the European Union and its institutional set-up.<\/p><p>This master programme is suitable for candidates who seek to expand and deepen their skills and knowledge in the area of European studies, with a particular focus on the European Union and its functioning. The programme is implemented in English language.<\/p><p><a href=\"https:\/\/ise.edu.al\/wp-content\/uploads\/2023\/03\/MSH-Programi-i-plote-Politikat-dhe-qeverisja-ne-Europe.pdf\"><em><u>Follow the link below for the detailed programme:<\/u><\/em><\/a><\/p>\t\t\t\t\t\t<\/div>\n\t\t\t\t<\/div>\n\t\t\t\t\t<\/div>\n\t\t<\/div>\n\t\t\t\t\t\t\t<\/div>\n\t\t<\/section>\n\t\t\t\t\t\t\t<\/div>","protected":false},"excerpt":{"rendered":"<p>Ky program master ofron nj\u00eb qasje gjith\u00ebp\u00ebrfshir\u00ebse n\u00eb lidhje me funksionimin e institucioneve dhe qeverisjes n\u00eb Evrop\u00eb dhe n\u00eb BE. Kurrikula e tij ofron nj\u00eb spekt\u00ebr t\u00eb gjer\u00eb konceptesh kryesore [&hellip;]<\/p>","protected":false},"author":1,"featured_media":0,"parent":0,"menu_order":0,"comment_status":"closed","ping_status":"closed","template":"","meta":{"footnotes":""},"class_list":["post-1585","page","type-page","status-publish","hentry"],"_links":{"self":[{"href":"https:\/\/ise.edu.al\/en\/wp-json\/wp\/v2\/pages\/1585","targetHints":{"allow":["GET"]}}],"collection":[{"href":"https:\/\/ise.edu.al\/en\/wp-json\/wp\/v2\/pages"}],"about":[{"href":"https:\/\/ise.edu.al\/en\/wp-json\/wp\/v2\/types\/page"}],"author":[{"embeddable":true,"href":"https:\/\/ise.edu.al\/en\/wp-json\/wp\/v2\/users\/1"}],"replies":[{"embeddable":true,"href":"https:\/\/ise.edu.al\/en\/wp-json\/wp\/v2\/comments?post=1585"}],"version-history":[{"count":0,"href":"https:\/\/ise.edu.al\/en\/wp-json\/wp\/v2\/pages\/1585\/revisions"}],"wp:attachment":[{"href":"https:\/\/ise.edu.al\/en\/wp-json\/wp\/v2\/media?parent=1585"}],"curies":[{"name":"wp","href":"https:\/\/api.w.org\/{rel}","templated":true}]}}