{"id":1688,"date":"2023-03-29T08:50:52","date_gmt":"2023-03-29T08:50:52","guid":{"rendered":"https:\/\/ise.edu.al\/?page_id=1688"},"modified":"2023-03-30T08:47:26","modified_gmt":"2023-03-30T08:47:26","slug":"pershkrimi","status":"publish","type":"page","link":"https:\/\/ise.edu.al\/en\/pershkrimi\/","title":{"rendered":"Description"},"content":{"rendered":"<div data-elementor-type=\"wp-page\" data-elementor-id=\"1688\" class=\"elementor elementor-1688\">\n\t\t\t\t\t\t\t\t\t<section class=\"elementor-section elementor-top-section elementor-element elementor-element-0908b97 elementor-section-boxed elementor-section-height-default elementor-section-height-default row-top\" data-id=\"0908b97\" data-element_type=\"section\">\n\t\t\t\t\t\t<div class=\"elementor-container elementor-column-gap-default\">\n\t\t\t\t\t<div class=\"elementor-column elementor-col-100 elementor-top-column elementor-element elementor-element-9bc2f47 column-style-top\" data-id=\"9bc2f47\" data-element_type=\"column\">\n\t\t\t<div class=\"elementor-widget-wrap elementor-element-populated\">\n\t\t\t\t\t\t\t\t<div class=\"elementor-element elementor-element-309ec6e elementor-widget elementor-widget-text-editor\" data-id=\"309ec6e\" data-element_type=\"widget\" data-widget_type=\"text-editor.default\">\n\t\t\t\t<div class=\"elementor-widget-container\">\n\t\t\t<style>\/*! elementor - v3.12.1 - 02-04-2023 *\/\n.elementor-widget-text-editor.elementor-drop-cap-view-stacked .elementor-drop-cap{background-color:#69727d;color:#fff}.elementor-widget-text-editor.elementor-drop-cap-view-framed .elementor-drop-cap{color:#69727d;border:3px solid;background-color:transparent}.elementor-widget-text-editor:not(.elementor-drop-cap-view-default) .elementor-drop-cap{margin-top:8px}.elementor-widget-text-editor:not(.elementor-drop-cap-view-default) .elementor-drop-cap-letter{width:1em;height:1em}.elementor-widget-text-editor .elementor-drop-cap{float:left;text-align:center;line-height:1;font-size:50px}.elementor-widget-text-editor .elementor-drop-cap-letter{display:inline-block}<\/style>\t\t\t\t<p>This master programme offers an in-depth approach for understanding the multiple dimensions of the EU as a global actor. Courses taught in this programme include the institutional framework of the EU covering international role and the main components of EU policy abroad. Theoretical concepts on diplomacy are presented in an interdisciplinary format and are complemented by case studies and a more practical approach. The aim of the programme is to deepen knowledge in the area of EU diplomacy and to strengthen capacities for individuals who want to engage in this area for their professional career. \nThis master programme is particularly helpful for candidates who seek to start or advance in a diplomatic career, international organizations or projects, civil society, journalism, etc.<\/p><p>Ky program master \u00ebsht\u00eb ve\u00e7an\u00ebrisht i dobish\u00ebm p\u00ebr kandidat\u00ebt q\u00eb k\u00ebrkojn\u00eb t\u00eb fillojn\u00eb ose avancojn\u00eb n\u00eb nj\u00eb karrier\u00eb diplomatike, n\u00eb organizata ose projekte nd\u00ebrkomb\u00ebtare, n\u00eb organizata t\u00eb shoq\u00ebris\u00eb civile, gazetari, etj.<\/p><p>\u00a0<\/p><p><a href=\"https:\/\/ise.edu.al\/wp-content\/uploads\/2023\/03\/Programi-i-plote-Diplomaci-dhe-Marredhenie-Nderkombetare-te-BE-se.pdf\"><em><u>Follow the link below for the detailed programme:<\/u><\/em><\/a><\/p>\t\t\t\t\t\t<\/div>\n\t\t\t\t<\/div>\n\t\t\t\t\t<\/div>\n\t\t<\/div>\n\t\t\t\t\t\t\t<\/div>\n\t\t<\/section>\n\t\t\t\t\t\t\t<\/div>","protected":false},"excerpt":{"rendered":"<p>Ky program master ofron nj\u00eb qasje t\u00eb thelluar p\u00ebr t\u00eb kuptuar dimensionet e shumta t\u00eb BE-s\u00eb si nj\u00eb aktor global. L\u00ebnd\u00ebt e zhvilluara n\u00eb k\u00ebt\u00eb program p\u00ebrfshijn\u00eb korniz\u00ebn institucionale t\u00eb [&hellip;]<\/p>","protected":false},"author":1,"featured_media":0,"parent":0,"menu_order":0,"comment_status":"closed","ping_status":"closed","template":"","meta":{"footnotes":""},"class_list":["post-1688","page","type-page","status-publish","hentry"],"_links":{"self":[{"href":"https:\/\/ise.edu.al\/en\/wp-json\/wp\/v2\/pages\/1688","targetHints":{"allow":["GET"]}}],"collection":[{"href":"https:\/\/ise.edu.al\/en\/wp-json\/wp\/v2\/pages"}],"about":[{"href":"https:\/\/ise.edu.al\/en\/wp-json\/wp\/v2\/types\/page"}],"author":[{"embeddable":true,"href":"https:\/\/ise.edu.al\/en\/wp-json\/wp\/v2\/users\/1"}],"replies":[{"embeddable":true,"href":"https:\/\/ise.edu.al\/en\/wp-json\/wp\/v2\/comments?post=1688"}],"version-history":[{"count":0,"href":"https:\/\/ise.edu.al\/en\/wp-json\/wp\/v2\/pages\/1688\/revisions"}],"wp:attachment":[{"href":"https:\/\/ise.edu.al\/en\/wp-json\/wp\/v2\/media?parent=1688"}],"curies":[{"name":"wp","href":"https:\/\/api.w.org\/{rel}","templated":true}]}}