{"id":1699,"date":"2023-03-29T08:55:21","date_gmt":"2023-03-29T08:55:21","guid":{"rendered":"https:\/\/ise.edu.al\/?page_id=1699"},"modified":"2023-03-30T11:17:45","modified_gmt":"2023-03-30T11:17:45","slug":"pershkrimi-i-ekzekutiv","status":"publish","type":"page","link":"https:\/\/ise.edu.al\/en\/pershkrimi-i-ekzekutiv\/","title":{"rendered":"Executive Master"},"content":{"rendered":"<div data-elementor-type=\"wp-page\" data-elementor-id=\"1699\" class=\"elementor elementor-1699\">\n\t\t\t\t\t\t\t\t\t<section class=\"elementor-section elementor-top-section elementor-element elementor-element-d51ead8 elementor-section-boxed elementor-section-height-default elementor-section-height-default row-top\" data-id=\"d51ead8\" data-element_type=\"section\">\n\t\t\t\t\t\t<div class=\"elementor-container elementor-column-gap-default\">\n\t\t\t\t\t<div class=\"elementor-column elementor-col-100 elementor-top-column elementor-element elementor-element-f89bc78 column-style-top\" data-id=\"f89bc78\" data-element_type=\"column\">\n\t\t\t<div class=\"elementor-widget-wrap elementor-element-populated\">\n\t\t\t\t\t\t\t\t<div class=\"elementor-element elementor-element-8643fb1 elementor-widget elementor-widget-text-editor\" data-id=\"8643fb1\" data-element_type=\"widget\" data-widget_type=\"text-editor.default\">\n\t\t\t\t<div class=\"elementor-widget-container\">\n\t\t\t<style>\/*! elementor - v3.12.1 - 02-04-2023 *\/\n.elementor-widget-text-editor.elementor-drop-cap-view-stacked .elementor-drop-cap{background-color:#69727d;color:#fff}.elementor-widget-text-editor.elementor-drop-cap-view-framed .elementor-drop-cap{color:#69727d;border:3px solid;background-color:transparent}.elementor-widget-text-editor:not(.elementor-drop-cap-view-default) .elementor-drop-cap{margin-top:8px}.elementor-widget-text-editor:not(.elementor-drop-cap-view-default) .elementor-drop-cap-letter{width:1em;height:1em}.elementor-widget-text-editor .elementor-drop-cap{float:left;text-align:center;line-height:1;font-size:50px}.elementor-widget-text-editor .elementor-drop-cap-letter{display:inline-block}<\/style>\t\t\t\t<p>Q\u00ebllimi i k\u00ebtij programi master ekzekutiv 1 vje\u00e7ar \u00ebsht\u00eb t&#8217;i pajis\u00eb pjes\u00ebmarr\u00ebsit me t\u00eb gjitha njohurit\u00eb e nevojshme teorike dhe praktike p\u00ebr t&#8217;u angazhuar me sukses n\u00eb procesin e an\u00ebtar\u00ebsimit n\u00eb Bashkimin Evropian dhe projektet evropiane. Qasja e tij profesionale, hartimi i kurrikul\u00ebs dhe p\u00ebrb\u00ebrja e fakultetit t\u00eb p\u00ebrfshir\u00eb, synon t\u00eb ofroj\u00eb nj\u00eb informacion t\u00eb p\u00ebrdit\u00ebsuar dhe praktik, i cili do t&#8217;u mund\u00ebsoj\u00eb pjes\u00ebmarr\u00ebsve t\u00eb kuptojn\u00eb dhe t\u00eb kontribuojn\u00eb n\u00eb m\u00ebnyr\u00eb efektive n\u00eb procesin e negociatave. Shumica e lektor\u00ebve ka eksperienc\u00eb direkte dhe t\u00eb nivelit t\u00eb lart\u00eb n\u00eb negociatat p\u00ebr an\u00ebtar\u00ebsim n\u00eb zgjerime t\u00eb m\u00ebparshme.<\/p><p>Pjesa e par\u00eb e programit p\u00ebrqendrohet n\u00eb kurset baz\u00eb t\u00eb cilat ofrojn\u00eb nj\u00eb pasqyr\u00eb t\u00eb gjer\u00eb t\u00eb elementeve kryesore t\u00eb BE-s\u00eb, institucioneve t\u00eb saj dhe politik\u00ebb\u00ebrjes, si dhe procesit t\u00eb an\u00ebtar\u00ebsimit. Pjesa e dyt\u00eb \u00ebsht\u00eb e strukturuar n\u00eb baz\u00eb t\u00eb grupeve t\u00eb kapitujve negociues (bazuar n\u00eb metodologjin\u00eb e re t\u00eb zgjerimit), duke i mund\u00ebsuar secilit pjes\u00ebmarr\u00ebs t\u00eb fokusohet n\u00eb fushat m\u00eb t\u00eb r\u00ebnd\u00ebsishme p\u00ebr karrier\u00ebn p\u00ebrkat\u00ebse.<\/p><p>Ky program i ciklit t\u00eb tret\u00eb \u00ebsht\u00eb i p\u00ebrshtatsh\u00ebm sidomos p\u00ebr individ\u00ebt q\u00eb ndjekin karrier\u00eb n\u00eb administrat\u00ebn publike, organizatat nd\u00ebrkomb\u00ebtare, shoq\u00ebrin\u00eb civile, grupet e interesit, etj. I gjith\u00eb programi dhe komponent\u00ebt e tij zhvillohen n\u00eb gjuh\u00ebn angleze.<\/p><p>\u00a0<\/p><p><a href=\"https:\/\/ise.edu.al\/wp-content\/uploads\/2023\/03\/Master-Ekzekutiv-Programi-i-plote-EUMAN.pdf\"><em><u>Follow the link below for the detailed programme:<\/u><\/em><\/a><\/p>\t\t\t\t\t\t<\/div>\n\t\t\t\t<\/div>\n\t\t\t\t\t<\/div>\n\t\t<\/div>\n\t\t\t\t\t\t\t<\/div>\n\t\t<\/section>\n\t\t\t\t\t\t\t<\/div>","protected":false},"excerpt":{"rendered":"<p>Q\u00ebllimi i k\u00ebtij programi master ekzekutiv 1 vje\u00e7ar \u00ebsht\u00eb t&#8217;i pajis\u00eb pjes\u00ebmarr\u00ebsit me t\u00eb gjitha njohurit\u00eb e nevojshme teorike dhe praktike p\u00ebr t&#8217;u angazhuar me sukses n\u00eb procesin e an\u00ebtar\u00ebsimit [&hellip;]<\/p>","protected":false},"author":1,"featured_media":0,"parent":0,"menu_order":0,"comment_status":"closed","ping_status":"closed","template":"","meta":{"footnotes":""},"class_list":["post-1699","page","type-page","status-publish","hentry"],"_links":{"self":[{"href":"https:\/\/ise.edu.al\/en\/wp-json\/wp\/v2\/pages\/1699","targetHints":{"allow":["GET"]}}],"collection":[{"href":"https:\/\/ise.edu.al\/en\/wp-json\/wp\/v2\/pages"}],"about":[{"href":"https:\/\/ise.edu.al\/en\/wp-json\/wp\/v2\/types\/page"}],"author":[{"embeddable":true,"href":"https:\/\/ise.edu.al\/en\/wp-json\/wp\/v2\/users\/1"}],"replies":[{"embeddable":true,"href":"https:\/\/ise.edu.al\/en\/wp-json\/wp\/v2\/comments?post=1699"}],"version-history":[{"count":0,"href":"https:\/\/ise.edu.al\/en\/wp-json\/wp\/v2\/pages\/1699\/revisions"}],"wp:attachment":[{"href":"https:\/\/ise.edu.al\/en\/wp-json\/wp\/v2\/media?parent=1699"}],"curies":[{"name":"wp","href":"https:\/\/api.w.org\/{rel}","templated":true}]}}