{"id":1730,"date":"2023-03-30T08:27:33","date_gmt":"2023-03-30T08:27:33","guid":{"rendered":"https:\/\/ise.edu.al\/?page_id=1730"},"modified":"2025-01-16T09:45:57","modified_gmt":"2025-01-16T09:45:57","slug":"drejtori","status":"publish","type":"page","link":"https:\/\/ise.edu.al\/en\/drejtori\/","title":{"rendered":"Directory"},"content":{"rendered":"<div data-elementor-type=\"wp-page\" data-elementor-id=\"1730\" class=\"elementor elementor-1730\">\n\t\t\t\t\t\t\t\t\t<section class=\"elementor-section elementor-top-section elementor-element elementor-element-cdd13e5 elementor-section-boxed elementor-section-height-default elementor-section-height-default row-top\" data-id=\"cdd13e5\" data-element_type=\"section\">\n\t\t\t\t\t\t<div class=\"elementor-container elementor-column-gap-default\">\n\t\t\t\t\t<div class=\"elementor-column elementor-col-50 elementor-top-column elementor-element elementor-element-48aab9a column-style-top\" data-id=\"48aab9a\" data-element_type=\"column\">\n\t\t\t<div class=\"elementor-widget-wrap elementor-element-populated\">\n\t\t\t\t\t\t\t\t<div class=\"elementor-element elementor-element-004ee05 elementor-widget elementor-widget-image\" data-id=\"004ee05\" data-element_type=\"widget\" data-widget_type=\"image.default\">\n\t\t\t\t<div class=\"elementor-widget-container\">\n\t\t\t<style>\/*! elementor - v3.12.1 - 02-04-2023 *\/\n.elementor-widget-image{text-align:center}.elementor-widget-image a{display:inline-block}.elementor-widget-image a img[src$=\".svg\"]{width:48px}.elementor-widget-image img{vertical-align:middle;display:inline-block}<\/style>\t\t\t\t\t\t\t\t\t\t\t\t<img loading=\"lazy\" decoding=\"async\" width=\"408\" height=\"561\" src=\"https:\/\/ise.edu.al\/wp-content\/uploads\/2023\/03\/aljulja.jpg\" class=\"attachment-large size-large wp-image-1731\" alt=\"\" \/>\t\t\t\t\t\t\t\t\t\t\t\t\t\t\t<\/div>\n\t\t\t\t<\/div>\n\t\t\t\t\t<\/div>\n\t\t<\/div>\n\t\t\t\t<div class=\"elementor-column elementor-col-50 elementor-top-column elementor-element elementor-element-6fd2363 column-style-top\" data-id=\"6fd2363\" data-element_type=\"column\">\n\t\t\t<div class=\"elementor-widget-wrap elementor-element-populated\">\n\t\t\t\t\t\t\t\t<div class=\"elementor-element elementor-element-6698583 elementor-widget elementor-widget-text-editor\" data-id=\"6698583\" data-element_type=\"widget\" data-widget_type=\"text-editor.default\">\n\t\t\t\t<div class=\"elementor-widget-container\">\n\t\t\t<style>\/*! elementor - v3.12.1 - 02-04-2023 *\/\n.elementor-widget-text-editor.elementor-drop-cap-view-stacked .elementor-drop-cap{background-color:#69727d;color:#fff}.elementor-widget-text-editor.elementor-drop-cap-view-framed .elementor-drop-cap{color:#69727d;border:3px solid;background-color:transparent}.elementor-widget-text-editor:not(.elementor-drop-cap-view-default) .elementor-drop-cap{margin-top:8px}.elementor-widget-text-editor:not(.elementor-drop-cap-view-default) .elementor-drop-cap-letter{width:1em;height:1em}.elementor-widget-text-editor .elementor-drop-cap{float:left;text-align:center;line-height:1;font-size:50px}.elementor-widget-text-editor .elementor-drop-cap-letter{display:inline-block}<\/style>\t\t\t\t<p>Prof.dr. Aljula Jubani \u00ebsht\u00eb Drejtoresh\u00eb e Institutit p\u00ebr Studime Evropiane n\u00eb Universitetin e Tiran\u00ebs. Ajo ka p\u00ebrfunduar doktoratur\u00ebn. n\u00eb Fonetik\u00eb Eksperimentale, n\u00eb vitin 2006, n\u00eb UNICAL- Itali, me studimin e par\u00eb akustik t\u00eb sistemit t\u00eb plot\u00eb fonologjik t\u00eb Gjuh\u00ebs Standarde Shqipe. Hulumtimi i saj \u00ebsht\u00eb i fokusuar n\u00eb analizimin dhe p\u00ebrcaktimin e ve\u00e7orive akustike t\u00eb sistemit fonologjik, rezultatet e t\u00eb cilit jan\u00eb shum\u00eb t\u00eb r\u00ebnd\u00ebsishme p\u00ebr t\u00eb trajtuar \u00e7\u00ebshtje t\u00eb ndryshme jo vet\u00ebm n\u00eb fush\u00ebn e studimeve metallinguistike, por edhe p\u00ebr studimet e logopedis\u00eb dhe n\u00eb fush\u00ebn e gjuh\u00ebsis\u00eb kriminalistike. Interesat e saj k\u00ebrkimore p\u00ebrfshijn\u00eb gjuh\u00ebsin\u00eb (gjinin\u00eb dhe gjuh\u00ebsin\u00eb, gjuh\u00ebsin\u00eb politike), studimet fetare, studimet e trash\u00ebgimis\u00eb kulturore, studimet e diaspor\u00ebs shqiptare (arb\u00ebresh, arvanitas, arb\u00ebnesh), etj.<\/p><p>Prof. Jubani ka nj\u00eb p\u00ebrvoj\u00eb 24 vje\u00e7are si profesor universitar dhe studiues. Gjat\u00eb karrier\u00ebs s\u00eb saj ka mbajtur poste t\u00eb ndryshme si: P\u00ebrgjegj\u00ebse e Departamentit t\u00eb Gjuh\u00ebsis\u00eb, Z\u00ebvend\u00ebsdekane e Fakultetit Histori-Filologji, kryeredaktore e revist\u00ebs s\u00eb t\u00eb nj\u00ebjtit Fakultet &#8220;Studime Albanologjike&#8221; etj. Ka qen\u00eb anvler\u00ebsuese. ekspert \u201cSportello Linguistico Arb\u00ebresh\u201d (Kalabri, Itali); \u00cbsht\u00eb an\u00ebtare e Komisionit t\u00eb Gjuh\u00ebs dhe Let\u00ebrsis\u00eb, Akademis\u00eb s\u00eb Shkencave t\u00eb Shqip\u00ebris\u00eb, An\u00ebtare e K\u00ebshillit Nd\u00ebrakademik p\u00ebr Gjuh\u00ebn Shqipe etj.<\/p><p>Prof. Jubani ka qen\u00eb e ftuar si pedagoge e ftuar dhe ka bashk\u00ebpunuar n\u00eb projekte shkencore (si koordinatore apo an\u00ebtare e grupit koordinues) me universitete shqiptare dhe t\u00eb huaja, duke p\u00ebrfshir\u00eb Universitetin e Kalabris\u00eb, Universitetin e Le\u00e7es, Universitetin e Venecias (Itali), Institutin e Ballkanit. Gjuh\u00ebt (Selanik-Greqi), Universiteti Humboldt (Gjermani), Universiteti Charles (Republika \u00c7eke), Instituti i Teknologjis\u00eb Limerick (Irland\u00eb), Universiteti i Nysa (Poloni), Kolegji i Kultur\u00ebs Sociale dhe Mediatike (Toru\u0144, Poloni), etj.<\/p><p>Ajo u nderua me medaljen \u201cPro Ecclesia and Pontefice\u201d (Egregia Opera Stvdioque Conspicvis Praecipve Constitvtvm) nga Papa Fran\u00e7esku, n\u00eb vitin 2021.<\/p>\t\t\t\t\t\t<\/div>\n\t\t\t\t<\/div>\n\t\t\t\t<div class=\"elementor-element elementor-element-e4f2569 elementor-align-justify elementor-widget elementor-widget-button\" data-id=\"e4f2569\" data-element_type=\"widget\" data-widget_type=\"button.default\">\n\t\t\t\t<div class=\"elementor-widget-container\">\n\t\t\t\t\t<div class=\"elementor-button-wrapper\">\n\t\t\t<a href=\"https:\/\/ise.edu.al\/wp-content\/uploads\/2025\/01\/Aljula-Jubani-CV-English.pdf\" class=\"elementor-button-link elementor-button elementor-size-sm\" role=\"button\">\n\t\t\t\t\t\t<span class=\"elementor-button-content-wrapper\">\n\t\t\t\t\t\t<span class=\"elementor-button-text\">CV e plote<\/span>\n\t\t<\/span>\n\t\t\t\t\t<\/a>\n\t\t<\/div>\n\t\t\t\t<\/div>\n\t\t\t\t<\/div>\n\t\t\t\t\t<\/div>\n\t\t<\/div>\n\t\t\t\t\t\t\t<\/div>\n\t\t<\/section>\n\t\t\t\t\t\t\t<\/div>","protected":false},"excerpt":{"rendered":"<p>Prof.dr. Aljula Jubani \u00ebsht\u00eb Drejtoresh\u00eb e Institutit p\u00ebr Studime Evropiane n\u00eb Universitetin e Tiran\u00ebs. Ajo ka p\u00ebrfunduar doktoratur\u00ebn. n\u00eb Fonetik\u00eb Eksperimentale, n\u00eb vitin 2006, n\u00eb UNICAL- Itali, me studimin e [&hellip;]<\/p>","protected":false},"author":1,"featured_media":0,"parent":0,"menu_order":0,"comment_status":"closed","ping_status":"closed","template":"","meta":{"footnotes":""},"class_list":["post-1730","page","type-page","status-publish","hentry"],"_links":{"self":[{"href":"https:\/\/ise.edu.al\/en\/wp-json\/wp\/v2\/pages\/1730","targetHints":{"allow":["GET"]}}],"collection":[{"href":"https:\/\/ise.edu.al\/en\/wp-json\/wp\/v2\/pages"}],"about":[{"href":"https:\/\/ise.edu.al\/en\/wp-json\/wp\/v2\/types\/page"}],"author":[{"embeddable":true,"href":"https:\/\/ise.edu.al\/en\/wp-json\/wp\/v2\/users\/1"}],"replies":[{"embeddable":true,"href":"https:\/\/ise.edu.al\/en\/wp-json\/wp\/v2\/comments?post=1730"}],"version-history":[{"count":6,"href":"https:\/\/ise.edu.al\/en\/wp-json\/wp\/v2\/pages\/1730\/revisions"}],"predecessor-version":[{"id":2487,"href":"https:\/\/ise.edu.al\/en\/wp-json\/wp\/v2\/pages\/1730\/revisions\/2487"}],"wp:attachment":[{"href":"https:\/\/ise.edu.al\/en\/wp-json\/wp\/v2\/media?parent=1730"}],"curies":[{"name":"wp","href":"https:\/\/api.w.org\/{rel}","templated":true}]}}