{"id":1789,"date":"2023-03-30T09:13:27","date_gmt":"2023-03-30T09:13:27","guid":{"rendered":"https:\/\/ise.edu.al\/?page_id=1789"},"modified":"2023-03-30T09:17:14","modified_gmt":"2023-03-30T09:17:14","slug":"jean-monnet-chair","status":"publish","type":"page","link":"https:\/\/ise.edu.al\/en\/jean-monnet-chair\/","title":{"rendered":"Jean Monnet Chair"},"content":{"rendered":"<div data-elementor-type=\"wp-page\" data-elementor-id=\"1789\" class=\"elementor elementor-1789\">\n\t\t\t\t\t\t\t\t\t<section class=\"elementor-section elementor-top-section elementor-element elementor-element-4e50599 elementor-section-boxed elementor-section-height-default elementor-section-height-default row-top\" data-id=\"4e50599\" data-element_type=\"section\">\n\t\t\t\t\t\t<div class=\"elementor-container elementor-column-gap-default\">\n\t\t\t\t\t<div class=\"elementor-column elementor-col-100 elementor-top-column elementor-element elementor-element-c51af0f column-style-top\" data-id=\"c51af0f\" data-element_type=\"column\">\n\t\t\t<div class=\"elementor-widget-wrap elementor-element-populated\">\n\t\t\t\t\t\t\t\t<section class=\"elementor-section elementor-inner-section elementor-element elementor-element-464a3f1 elementor-section-boxed elementor-section-height-default elementor-section-height-default row-top\" data-id=\"464a3f1\" data-element_type=\"section\">\n\t\t\t\t\t\t<div class=\"elementor-container elementor-column-gap-default\">\n\t\t\t\t\t<div class=\"elementor-column elementor-col-50 elementor-inner-column elementor-element elementor-element-0f66064 column-style-top\" data-id=\"0f66064\" data-element_type=\"column\">\n\t\t\t<div class=\"elementor-widget-wrap elementor-element-populated\">\n\t\t\t\t\t\t\t\t<div class=\"elementor-element elementor-element-28bd813 elementor-widget elementor-widget-image\" data-id=\"28bd813\" data-element_type=\"widget\" data-widget_type=\"image.default\">\n\t\t\t\t<div class=\"elementor-widget-container\">\n\t\t\t<style>\/*! elementor - v3.12.1 - 02-04-2023 *\/\n.elementor-widget-image{text-align:center}.elementor-widget-image a{display:inline-block}.elementor-widget-image a img[src$=\".svg\"]{width:48px}.elementor-widget-image img{vertical-align:middle;display:inline-block}<\/style>\t\t\t\t\t\t\t\t\t\t\t\t<img loading=\"lazy\" decoding=\"async\" width=\"359\" height=\"358\" src=\"https:\/\/ise.edu.al\/wp-content\/uploads\/2023\/03\/jmc.png\" class=\"attachment-large size-large wp-image-1793\" alt=\"\" \/>\t\t\t\t\t\t\t\t\t\t\t\t\t\t\t<\/div>\n\t\t\t\t<\/div>\n\t\t\t\t\t<\/div>\n\t\t<\/div>\n\t\t\t\t<div class=\"elementor-column elementor-col-50 elementor-inner-column elementor-element elementor-element-4bdcd1c column-style-top\" data-id=\"4bdcd1c\" data-element_type=\"column\">\n\t\t\t<div class=\"elementor-widget-wrap elementor-element-populated\">\n\t\t\t\t\t\t\t\t<div class=\"elementor-element elementor-element-25d2000 elementor-widget elementor-widget-image\" data-id=\"25d2000\" data-element_type=\"widget\" data-widget_type=\"image.default\">\n\t\t\t\t<div class=\"elementor-widget-container\">\n\t\t\t\t\t\t\t\t\t\t\t\t\t\t\t<img loading=\"lazy\" decoding=\"async\" width=\"230\" height=\"219\" src=\"https:\/\/ise.edu.al\/wp-content\/uploads\/2023\/03\/jmm-1.png\" class=\"attachment-large size-large wp-image-1794\" alt=\"\" \/>\t\t\t\t\t\t\t\t\t\t\t\t\t\t\t<\/div>\n\t\t\t\t<\/div>\n\t\t\t\t\t<\/div>\n\t\t<\/div>\n\t\t\t\t\t\t\t<\/div>\n\t\t<\/section>\n\t\t\t\t<div class=\"elementor-element elementor-element-816b873 elementor-widget elementor-widget-text-editor\" data-id=\"816b873\" data-element_type=\"widget\" data-widget_type=\"text-editor.default\">\n\t\t\t\t<div class=\"elementor-widget-container\">\n\t\t\t<style>\/*! elementor - v3.12.1 - 02-04-2023 *\/\n.elementor-widget-text-editor.elementor-drop-cap-view-stacked .elementor-drop-cap{background-color:#69727d;color:#fff}.elementor-widget-text-editor.elementor-drop-cap-view-framed .elementor-drop-cap{color:#69727d;border:3px solid;background-color:transparent}.elementor-widget-text-editor:not(.elementor-drop-cap-view-default) .elementor-drop-cap{margin-top:8px}.elementor-widget-text-editor:not(.elementor-drop-cap-view-default) .elementor-drop-cap-letter{width:1em;height:1em}.elementor-widget-text-editor .elementor-drop-cap{float:left;text-align:center;line-height:1;font-size:50px}.elementor-widget-text-editor .elementor-drop-cap-letter{display:inline-block}<\/style>\t\t\t\t<p><strong>Jean Monnet Chair<\/strong><\/p><p class=\" translation-block\">Project title: Building capacities for inclusiveness and ownership in the EU accession process (OwnEU)<\/p><p>The aim of this project is to increase the knowledge and capacities of Albanian academia and other stakeholders necessary for effectively supporting the EU accession process of Albania. Albania is about to embark upon the long and transformative journey of accession negotiations, which will require major efforts and inputs from all actors and stakeholders of Albanian society, not just government institutions. Although this process is perceived as built as a top- down exercise at national level, managed by central institutions, implications and impact is considerable at all levels and sectors of society. Hence, the role of academia and all groups is vital to ensuring best results in terms of benefits and positive impact for its citizens.<\/p><p>In this respect, the project contributes as a facilitator for building and disseminating theoretical and practical knowledge regarding the EU accession process. The overall objective is to build capacities and bridges of communication and dialogue among different groups of society (academia in primis, policy-makers and negotiating team members, civil society, interest groups, etc.), by increasing their capacities and knowledge of the process, and raising awareness on the main components of the process and some of the best practices on how to move forward together.<\/p><p>By redesigning and adapting Masters courses curricula and organising several thematic workshop seminars, with the participation of students, members of the negotiating team, prominent experts and researchers, and other stakeholders, the project aims at achieving a more effective involvement and an increased ownership of the process by local stakeholders. This approach will contribute in informing Albanian society on the process and the importance of the EU values, increasing the EU visibility and communication in the country.\nTeam members of the project include: Dr. Gentian Elezi (Chair holder, Institute of European Studies), Dr. Aleksandar Andrija Pejovic (Former Chief Negotiator of Montenegro), Ms. Ruzica Gelo (Former Negotiator of Croatia), Professor Adam Lazowksi (University of Westminster and College of Europe), Dr. Dorian Jano (University of Graz), and others<\/p><p>An\u00ebtar\u00ebt e ekipit t\u00eb projektit p\u00ebrfshijn\u00eb: Dr. Gentian Elezi (Koordinator, Instituti i Studimeve Evropiane), Dr. Aleksandar Andrija Pejovic (ish Kryenegociator i Malit t\u00eb Zi), znj. Ruzica Gelo (ish-negociatore e Kroacis\u00eb), Profesor Adam Lazowksi (Universiteti i Westminster dhe Kolegjit t\u00eb Evrop\u00ebs), Dr. Dorian Jano (Universiteti i Graz-it) dhe t\u00eb tjer\u00eb.<\/p><p>For more information on the project and its activities, visit the project's website:<\/p><p><a href=\"http:\/\/www.jmc-ise.al\"><strong>www.jmc-ise.al<\/strong><\/a><\/p>\t\t\t\t\t\t<\/div>\n\t\t\t\t<\/div>\n\t\t\t\t\t<\/div>\n\t\t<\/div>\n\t\t\t\t\t\t\t<\/div>\n\t\t<\/section>\n\t\t\t\t\t\t\t<\/div>","protected":false},"excerpt":{"rendered":"<p>Jean Monnet Chair Titulli i projektit: Nd\u00ebrtimi i kapaciteteve p\u00ebr p\u00ebrfshirje dhe pron\u00ebsi n\u00eb procesin e an\u00ebtar\u00ebsimit n\u00eb BE (OwnEU) Q\u00ebllimi i k\u00ebtij projekti \u00ebsht\u00eb t\u00eb rris\u00eb njohurit\u00eb dhe kapacitetet [&hellip;]<\/p>","protected":false},"author":1,"featured_media":0,"parent":0,"menu_order":0,"comment_status":"closed","ping_status":"closed","template":"","meta":{"footnotes":""},"class_list":["post-1789","page","type-page","status-publish","hentry"],"_links":{"self":[{"href":"https:\/\/ise.edu.al\/en\/wp-json\/wp\/v2\/pages\/1789","targetHints":{"allow":["GET"]}}],"collection":[{"href":"https:\/\/ise.edu.al\/en\/wp-json\/wp\/v2\/pages"}],"about":[{"href":"https:\/\/ise.edu.al\/en\/wp-json\/wp\/v2\/types\/page"}],"author":[{"embeddable":true,"href":"https:\/\/ise.edu.al\/en\/wp-json\/wp\/v2\/users\/1"}],"replies":[{"embeddable":true,"href":"https:\/\/ise.edu.al\/en\/wp-json\/wp\/v2\/comments?post=1789"}],"version-history":[{"count":0,"href":"https:\/\/ise.edu.al\/en\/wp-json\/wp\/v2\/pages\/1789\/revisions"}],"wp:attachment":[{"href":"https:\/\/ise.edu.al\/en\/wp-json\/wp\/v2\/media?parent=1789"}],"curies":[{"name":"wp","href":"https:\/\/api.w.org\/{rel}","templated":true}]}}