{"id":1826,"date":"2023-03-30T11:18:41","date_gmt":"2023-03-30T11:18:41","guid":{"rendered":"https:\/\/ise.edu.al\/?page_id=1826"},"modified":"2023-03-30T11:20:50","modified_gmt":"2023-03-30T11:20:50","slug":"programi-i-doktorature-i-institutit-te-studimeve-evropiane","status":"publish","type":"page","link":"https:\/\/ise.edu.al\/en\/programi-i-doktorature-i-institutit-te-studimeve-evropiane\/","title":{"rendered":"Programi i Doktorature i Institutit te Studimeve Evropiane"},"content":{"rendered":"<div data-elementor-type=\"wp-page\" data-elementor-id=\"1826\" class=\"elementor elementor-1826\">\n\t\t\t\t\t\t\t\t\t<section class=\"elementor-section elementor-top-section elementor-element elementor-element-daba1d4 elementor-section-boxed elementor-section-height-default elementor-section-height-default row-top\" data-id=\"daba1d4\" data-element_type=\"section\">\n\t\t\t\t\t\t<div class=\"elementor-container elementor-column-gap-default\">\n\t\t\t\t\t<div class=\"elementor-column elementor-col-100 elementor-top-column elementor-element elementor-element-3002fbe column-style-top\" data-id=\"3002fbe\" data-element_type=\"column\">\n\t\t\t<div class=\"elementor-widget-wrap elementor-element-populated\">\n\t\t\t\t\t\t\t\t<div class=\"elementor-element elementor-element-cd56567 elementor-widget elementor-widget-text-editor\" data-id=\"cd56567\" data-element_type=\"widget\" data-widget_type=\"text-editor.default\">\n\t\t\t\t<div class=\"elementor-widget-container\">\n\t\t\t<style>\/*! elementor - v3.12.1 - 02-04-2023 *\/\n.elementor-widget-text-editor.elementor-drop-cap-view-stacked .elementor-drop-cap{background-color:#69727d;color:#fff}.elementor-widget-text-editor.elementor-drop-cap-view-framed .elementor-drop-cap{color:#69727d;border:3px solid;background-color:transparent}.elementor-widget-text-editor:not(.elementor-drop-cap-view-default) .elementor-drop-cap{margin-top:8px}.elementor-widget-text-editor:not(.elementor-drop-cap-view-default) .elementor-drop-cap-letter{width:1em;height:1em}.elementor-widget-text-editor .elementor-drop-cap{float:left;text-align:center;line-height:1;font-size:50px}.elementor-widget-text-editor .elementor-drop-cap-letter{display:inline-block}<\/style>\t\t\t\t<p>Programi i studimit <em>Doktorat\u00eb n\u00eb \u201cStudime Evropiane\u201d<\/em> \u00ebsht\u00eb program i ciklit t\u00eb tret\u00eb t\u00eb studimeve, studime t\u00eb doktorat\u00ebs, referuar nivelit 8 t\u00eb Korniz\u00ebs Shqiptare t\u00eb Kualifikimeve. Ky program doktorature ofrohet nga ISE (t\u00eb dy departamentet e tij- Departamenti \u201cLegjislacion dhe politika t\u00eb BE-s\u00eb\u201d dhe Departamenti \u201cDiplomaci dhe Marr\u00ebdh\u00ebnie Nd\u00ebrkomb\u00ebtare t\u00eb BE-s\u00eb\u201d).<\/p><p>Ai \u00ebsht\u00eb ideuar p\u00ebr t\u00eb zhvilluar aft\u00ebsi akademike, njohuri t\u00eb thelluara mbi zhvillimet aktuale n\u00eb fush\u00ebn e integrimit evropian, proceseve dhe politikave integruese.<\/p><p>Ky program doktorate ofrohet n\u00eb tre n\u00ebnfusha: <em>\u201cDiplomaci dhe Marr\u00ebdh\u00ebnie Nd\u00ebrkomb\u00ebtare<\/em><em> t<\/em><em>\u00eb <\/em>BE-s\u00eb\u201d; \u201cLegjislacioni dhe institucionet evropiane\u201d; \u201cPolitika dhe qeverisja n\u00eb Evrop\u00eb\u201d.<\/p><p>Koh\u00ebzgjatja e k\u00ebtij programi studimi \u00ebsht\u00eb jo m\u00eb pak se tri vite akademike dhe jo m\u00eb shum\u00eb se pes\u00eb vite akademike. N\u00eb p\u00ebrfundim t\u00eb tij, l\u00ebshohet diploma e grad\u00ebs shkencore \u201cDoktor\u201d n\u00eb <em>Studime Evropiane<\/em>, me n\u00ebnfusha:\u00a0<\/p><p><em>\u00a0 &#8211; \u201cDiplomaci dhe Marr\u00ebdh\u00ebnie Nd\u00ebrkomb\u00ebtare<\/em><em> t<\/em><em>\u00eb BE-s\u00eb\u201d <\/em><\/p><p><em>\u00a0&#8211; \u201cLegjislacioni dhe institucionet evropiane\u201d<\/em><\/p><p><em>\u00a0&#8211; \u201cPolitika dhe qeverisja n<\/em><em>\u00eb Evrop\u00eb\u201d<\/em><\/p><p>Programi i studimit t\u00eb Doktorat\u00ebs n\u00eb \u201cStudime Evropiane\u201d organizohet n\u00eb baz\u00eb t\u00eb parimeve t\u00eb liris\u00eb akademike, t\u00eb autonomis\u00eb, t\u00eb cil\u00ebsis\u00eb, t\u00eb efektshm\u00ebris\u00eb, eficienc\u00ebs, transparenc\u00ebs dhe mosdiskriminimit, korrektes\u00ebs akademike dhe etik\u00ebs n\u00eb k\u00ebrkimin shkencor.<\/p><p>Programi i t\u00eb Doktorat\u00ebs n\u00eb \u201cStudime Evropiane\u201d, n\u00eb UT, p\u00ebr avantazhet dhe specifik\u00ebn q\u00eb ofron n\u00eb \u00e7\u00ebshtje t\u00eb dedikuara t\u00eb studimeve europiane, synon krijimin dhe interpretimin e njohurive dhe aft\u00ebsive t\u00eb thelluara n\u00eb n\u00ebnfushat p\u00ebrkat\u00ebse t\u00eb k\u00ebtij programi, p\u00ebrmes nxitjes dhe motivimit t\u00eb nj\u00eb pun\u00eb k\u00ebrkimore origjinale dhe mendimit kritik.<\/p><p>Programi i Doktorat\u00ebs n\u00eb \u201cStudime Evropiane\u201d p\u00ebrfshin k\u00ebrkimin shkencor dhe veprimtarin\u00eb krijuese t\u00eb pavarur si baz\u00eb p\u00ebr p\u00ebrpunimin e tez\u00ebs s\u00eb doktorat\u00ebs, rezultatet dhe mbrojtjen e suksesshme q\u00eb \u00e7ojn\u00eb n\u00eb marrjen e grad\u00ebs Doktor i Shkencave n\u00eb Studime Evropiane.<\/p><p>Ai mban parasysh prioritetet q\u00eb burojn\u00eb nga <em>Plani i K\u00ebrkimit Shkencor t\u00eb UT-s\u00eb<\/em> miratuar me Vendimin Nr. 11, dt.26.04.2018 t\u00eb Senatit Akademik t\u00eb UT-s\u00eb, ku jan\u00eb p\u00ebrcaktuar drejtimet kryesore edhe p\u00ebr k\u00ebrkimin shkencor. N\u00eb p\u00ebrputhje me k\u00ebt\u00eb plan strategjik t\u00eb UT-s\u00eb, edhe ISE ka p\u00ebrcaktuar prioritetet e saj.<\/p><p>\u00a0<\/p><p><a href=\"https:\/\/ise.edu.al\/wp-content\/uploads\/2023\/03\/Struktura-Akademike-2022-23.pdf\">N\u00eb likun n\u00eb vijim mund t\u00eb shkarkoni Rregulloren e Studimeve Doktorale<\/a><\/p>\t\t\t\t\t\t<\/div>\n\t\t\t\t<\/div>\n\t\t\t\t\t<\/div>\n\t\t<\/div>\n\t\t\t\t\t\t\t<\/div>\n\t\t<\/section>\n\t\t\t\t\t\t\t<\/div>","protected":false},"excerpt":{"rendered":"<p>Programi i studimit Doktorat\u00eb n\u00eb \u201cStudime Evropiane\u201d \u00ebsht\u00eb program i ciklit t\u00eb tret\u00eb t\u00eb studimeve, studime t\u00eb doktorat\u00ebs, referuar nivelit 8 t\u00eb Korniz\u00ebs Shqiptare t\u00eb Kualifikimeve. Ky program doktorature ofrohet [&hellip;]<\/p>","protected":false},"author":1,"featured_media":0,"parent":0,"menu_order":0,"comment_status":"closed","ping_status":"closed","template":"","meta":{"footnotes":""},"class_list":["post-1826","page","type-page","status-publish","hentry"],"_links":{"self":[{"href":"https:\/\/ise.edu.al\/en\/wp-json\/wp\/v2\/pages\/1826","targetHints":{"allow":["GET"]}}],"collection":[{"href":"https:\/\/ise.edu.al\/en\/wp-json\/wp\/v2\/pages"}],"about":[{"href":"https:\/\/ise.edu.al\/en\/wp-json\/wp\/v2\/types\/page"}],"author":[{"embeddable":true,"href":"https:\/\/ise.edu.al\/en\/wp-json\/wp\/v2\/users\/1"}],"replies":[{"embeddable":true,"href":"https:\/\/ise.edu.al\/en\/wp-json\/wp\/v2\/comments?post=1826"}],"version-history":[{"count":0,"href":"https:\/\/ise.edu.al\/en\/wp-json\/wp\/v2\/pages\/1826\/revisions"}],"wp:attachment":[{"href":"https:\/\/ise.edu.al\/en\/wp-json\/wp\/v2\/media?parent=1826"}],"curies":[{"name":"wp","href":"https:\/\/api.w.org\/{rel}","templated":true}]}}