{"id":1843,"date":"2023-04-11T07:51:45","date_gmt":"2023-04-11T07:51:45","guid":{"rendered":"https:\/\/ise.edu.al\/?page_id=1843"},"modified":"2024-11-25T10:29:49","modified_gmt":"2024-11-25T10:29:49","slug":"bio","status":"publish","type":"page","link":"https:\/\/ise.edu.al\/en\/bio\/","title":{"rendered":"Bio"},"content":{"rendered":"<div data-elementor-type=\"wp-page\" data-elementor-id=\"1843\" class=\"elementor elementor-1843\">\n\t\t\t\t\t\t\t\t\t<section class=\"elementor-section elementor-top-section elementor-element elementor-element-f1aa91d elementor-section-boxed elementor-section-height-default elementor-section-height-default row-top\" data-id=\"f1aa91d\" data-element_type=\"section\">\n\t\t\t\t\t\t<div class=\"elementor-container elementor-column-gap-default\">\n\t\t\t\t\t<div class=\"elementor-column elementor-col-100 elementor-top-column elementor-element elementor-element-2257d1b column-style-top\" data-id=\"2257d1b\" data-element_type=\"column\">\n\t\t\t<div class=\"elementor-widget-wrap elementor-element-populated\">\n\t\t\t\t\t\t\t\t<div class=\"elementor-element elementor-element-6be512d elementor-widget elementor-widget-text-editor\" data-id=\"6be512d\" data-element_type=\"widget\" data-widget_type=\"text-editor.default\">\n\t\t\t\t<div class=\"elementor-widget-container\">\n\t\t\t<style>\/*! elementor - v3.12.1 - 02-04-2023 *\/\n.elementor-widget-text-editor.elementor-drop-cap-view-stacked .elementor-drop-cap{background-color:#69727d;color:#fff}.elementor-widget-text-editor.elementor-drop-cap-view-framed .elementor-drop-cap{color:#69727d;border:3px solid;background-color:transparent}.elementor-widget-text-editor:not(.elementor-drop-cap-view-default) .elementor-drop-cap{margin-top:8px}.elementor-widget-text-editor:not(.elementor-drop-cap-view-default) .elementor-drop-cap-letter{width:1em;height:1em}.elementor-widget-text-editor .elementor-drop-cap{float:left;text-align:center;line-height:1;font-size:50px}.elementor-widget-text-editor .elementor-drop-cap-letter{display:inline-block}<\/style>\t\t\t\t<h4>Dr. Ermir Gjinishi<\/h4>\t\t\t\t\t\t<\/div>\n\t\t\t\t<\/div>\n\t\t\t\t<div class=\"elementor-element elementor-element-44f1526 elementor-widget elementor-widget-text-editor\" data-id=\"44f1526\" data-element_type=\"widget\" data-widget_type=\"text-editor.default\">\n\t\t\t\t<div class=\"elementor-widget-container\">\n\t\t\t\t\t\t\t<p>\u00a0Dr. Ermir Gjinishi, \u00ebsht\u00eb pedagog n\u00eb Institutin e Studimeve Evropiane, Universiteti i Tiran\u00ebs. Studimet e larta i kreu n\u00eb Universitetin e Tripolit. M\u00eb pas, ndoqi studimet n\u00eb Shqip\u00ebri ku\u00a0 \u00ebsht\u00eb vler\u00ebsuar me diplom\u00ebn Master (2009) dhe Doktor i Shkencave (2016) n\u00eb Histori, n\u00eb Universitetin e Tiran\u00ebs, Fakulteti i Historis\u00eb dhe Filologjis\u00eb.<\/p><p>Dr. Gjinishi ka nj\u00eb p\u00ebrvoj\u00eb disavje\u00e7are si studiues dhe pedagog. Interesat dhe fushat e tij t\u00eb studimit jan\u00eb siguria, religjioni, qytet\u00ebrimet, politika, diplomacia etj.<\/p><p>Ai \u00ebsht\u00eb k\u00ebshilltar n\u00eb Institutin e Politikave Evropiane p\u00ebr Studime Rajonale IPER, gjithashtu ekspert p\u00ebr \u00e7\u00ebshtjet e siguris\u00eb, terrorizmit, ekstremizmit t\u00eb dhunsh\u00ebm, etj. Ka marr\u00eb pjes\u00eb si referues, ekspert, konsulent, koordinator n\u00eb disa konferenca nd\u00ebr t\u00eb cilat: NATO SCIENCE FOR PEACE PROJECT, ADVANCED RESEARCH WORKSHOP, organizuar nga qendra e NATO-s p\u00ebr studimet rajonale t\u00eb siguris\u00eb dhe paqes, Qendra e Doktrinave t\u00eb St\u00ebrvitjes pran\u00eb Ministris\u00eb\u00a0 s\u00eb Mbrojtjes, Friedrich Ebert Stiftung, Shoqata e Atlantikut t\u00eb Veriut, etj.<\/p><p>Dr. Gjinishi ka qen\u00eb i ftuar si lektor n\u00eb disa universitete brenda dhe jasht\u00eb vendit. Ai ka bashk\u00ebpunim t\u00eb vazhduesh\u00ebm n\u00eb projekte k\u00ebrkimore me OJF dhe institute k\u00ebrkimore si Instituti p\u00ebr Demokraci dhe Nd\u00ebrmjet\u00ebsim IDM, QBNE, Instituti shqiptar i medias ISHM, Instituti shqiptar p\u00ebr studime nd\u00ebrkomb\u00ebtare AIIS, etj.<\/p><p>Ai\u00a0 \u00ebsht\u00eb p\u00ebrzgjedhur nga FNNPB atashuar pran\u00eb OKB-s\u00eb, s\u00eb bashku me 140 personalitete nga 5 kontinente, n\u00eb fushat e artit, shkenc\u00ebs, politik\u00ebs, fes\u00eb etj., p\u00ebr t\u00eb marr\u00eb pjes\u00eb dhe kontribuar n\u00eb nism\u00ebn bot\u00ebrore p\u00ebr paqe n\u00eb Lindjen e Mesme, gjithashtu \u00ebsht\u00eb vler\u00ebsuar me\u00a0 titullin \u201cAmbasador p\u00ebr Paqen\u201d nga Federata Nd\u00ebrkomb\u00ebtare Nd\u00ebrfetare p\u00ebr Paqe Bot\u00ebrore \u2013 Organizata e Kombeve t\u00eb Bashkuara.<\/p><p>N\u00eb vitin 2018 z. Ermir Gjinishi \u00ebsht\u00eb vler\u00ebsuar me cmim \u201c Libri m\u00eb i mir\u00eb i vitit\u201d nga ATTIC -Edicioni 11\u00a0 p\u00ebr monografi. Dr. Gjinishi \u00ebsht\u00eb p\u00ebrkthyes, si dhe analist n\u00eb gazet\u00ebn Abanian DailyNews. Gjithashtu, ekspert vler\u00ebsues pran\u00eb Qendr\u00ebs Komb\u00ebtare t\u00eb Lirit dhe Leximit, pran\u00eb Ministris\u00eb s\u00eb Kultur\u00ebs, Rinis\u00eb dhe Sportit.<\/p><p>\u00a0<\/p>\t\t\t\t\t\t<\/div>\n\t\t\t\t<\/div>\n\t\t\t\t\t<\/div>\n\t\t<\/div>\n\t\t\t\t\t\t\t<\/div>\n\t\t<\/section>\n\t\t\t\t<section class=\"elementor-section elementor-top-section elementor-element elementor-element-65f367d elementor-section-boxed elementor-section-height-default elementor-section-height-default row-top\" data-id=\"65f367d\" data-element_type=\"section\">\n\t\t\t\t\t\t<div class=\"elementor-container elementor-column-gap-default\">\n\t\t\t\t\t<div class=\"elementor-column elementor-col-100 elementor-top-column elementor-element elementor-element-8f6982e column-style-top\" data-id=\"8f6982e\" data-element_type=\"column\">\n\t\t\t<div class=\"elementor-widget-wrap elementor-element-populated\">\n\t\t\t\t\t\t\t\t<div class=\"elementor-element elementor-element-34421db elementor-widget elementor-widget-text-editor\" data-id=\"34421db\" data-element_type=\"widget\" data-widget_type=\"text-editor.default\">\n\t\t\t\t<div class=\"elementor-widget-container\">\n\t\t\t\t\t\t\t<h4>Prof. Asoc. Dr. Doris Malaj<\/h4>\t\t\t\t\t\t<\/div>\n\t\t\t\t<\/div>\n\t\t\t\t<div class=\"elementor-element elementor-element-ebb04ea elementor-widget elementor-widget-text-editor\" data-id=\"ebb04ea\" data-element_type=\"widget\" data-widget_type=\"text-editor.default\">\n\t\t\t\t<div class=\"elementor-widget-container\">\n\t\t\t\t\t\t\t<p>Prof. Asoc. Dr. Doris Malaj \u00ebsht\u00eb pedagoge dhe hulumtuese me koh\u00eb t\u00eb plot\u00eb n\u00eb Institutin e Studimeve Evropiane, Universiteti i Tiran\u00ebs, nj\u00eb pozicion q\u00eb e ka mbajtur q\u00eb prej vitit 2014. Aktualisht, ajo \u00ebsht\u00eb pjes\u00eb e Departamentit t\u00eb Diplomacis\u00eb dhe Marr\u00ebdh\u00ebnieve Nderkomb\u00ebtare t\u00eb BE-s\u00eb ku fokusohet n\u00eb m\u00ebsimdh\u00ebnie dhe k\u00ebrkime q\u00eb lidhen me integrimin evropian, demokratizimin dhe politikat e zgjerimit t\u00eb BE-s\u00eb.<\/p><p>Ajo ka p\u00ebrfunduar doktoratur\u00ebn n\u00eb Diplomaci dhe Marr\u00ebdh\u00ebnie Nd\u00ebrkomb\u00ebtare n\u00eb vitin 2018 n\u00eb Universitetin e Tiran\u00ebs, duke mbrojtur nj\u00eb disertacion mbi &#8220;Performanc\u00ebn Demokratike t\u00eb Shqip\u00ebris\u00eb,&#8221; bazuar n\u00eb nj\u00eb analiz\u00eb t\u00eb thell\u00eb cil\u00ebsore dhe sasiore t\u00eb periudh\u00ebs s\u00eb tranzicionit politik t\u00eb vendit. P\u00ebrve\u00e7 k\u00ebsaj, ajo ka nj\u00eb master n\u00eb Shkenca Politike dhe Nd\u00ebrkomb\u00ebtare nga Universiteti i Macerata-s n\u00eb Itali, dhe nj\u00eb diplom\u00eb bachelor n\u00eb Shkenca Politike dhe t\u00eb Drejt\u00eb Publike nga Universiteti i Trier-it, Gjermani.<\/p><p>N\u00eb karrier\u00ebn e saj akademike, ajo ka zhvilluar m\u00ebsimdh\u00ebnie n\u00eb nj\u00eb ser\u00eb l\u00ebnd\u00ebsh si \u201cSistemet Politike t\u00eb BE-s\u00eb,\u201d \u201cDiplomacia n\u00eb BE,\u201d \u201cPolitikat e Zgjerimit t\u00eb BE-s\u00eb n\u00eb Ballkanin Perendimor\u201d etj.\u00a0 P\u00ebrve\u00e7 k\u00ebsaj, \u00ebsht\u00eb angazhuar si lektore e ftuar n\u00eb Universitetin E\u00f6tv\u00f6s Lor\u00e1nd n\u00eb Budapest, duke trajtuar tematika mbi politikat e kusht\u00ebzimit dhe performanc\u00ebn politike t\u00eb vendeve t\u00eb Ballkanit Per\u00ebndimor.<\/p><p>P\u00ebrtej angazhimeve n\u00eb m\u00ebsimdh\u00ebnie, Prof. Asoc. Dr. Malaj \u00ebsht\u00eb bashk\u00ebkoordinatore dhe eksperte n\u00eb projektin Jean Monnet \u201cPerformEU,\u201d financuar nga Komisioni Evropian, q\u00eb synon t\u00eb analizoj\u00eb politikat e kusht\u00ebzimit dhe p\u00ebrmbushjen e kritereve t\u00eb integrimit nga vendet e Ballkanit Per\u00ebndimor. Prof. Malaj ka nj\u00eb p\u00ebrvoj\u00eb t\u00eb thelluar n\u00eb fushat e politikave evropiane, integrimit dhe demokratizimit. Ajo ka kontribuar me artikuj dhe publikime shkencore n\u00eb revista nd\u00ebrkomb\u00ebtare t\u00eb njohura dhe ka prezantuar punimet e saj n\u00eb konferenca t\u00eb shumta n\u00eb nivel komb\u00ebtar dhe nd\u00ebrkomb\u00ebtar. Publikimet e saj fokusohen n\u00eb integrimin evropian, fuqin\u00eb transformuese t\u00eb BE-s\u00eb n\u00eb Ballkanin Per\u00ebndimor dhe ndikimin e identitetit evropian n\u00eb proceset integruese.<\/p><p>Ajo zot\u00ebron aft\u00ebsi t\u00eb avancuara analitike dhe k\u00ebrkimore, duke kombinuar metoda cil\u00ebsore dhe sasiore p\u00ebr t\u00eb adresuar \u00e7\u00ebshtjet komplekse t\u00eb politikave t\u00eb BE-s\u00eb dhe reformave t\u00eb qeverisjes. Me nj\u00eb njohje t\u00eb thelluar t\u00eb institucioneve dhe proceseve evropiane, ajo ka ndihmuar n\u00eb ngritjen e diskutimeve mbi qeverisjen e mir\u00eb dhe politik\u00ebb\u00ebrjen n\u00eb Shqip\u00ebri dhe rajon.<\/p><p>Interesat e saj k\u00ebrkimore dhe fushat e ekspertiz\u00ebs p\u00ebrfshijn\u00eb politikat e zgjerimit t\u00eb BE-s\u00eb, demokratizimin, qeverisjen e mir\u00eb dhe politikat reformuese t\u00eb vendeve t\u00eb Ballkanit Per\u00ebndimor<\/p>\t\t\t\t\t\t<\/div>\n\t\t\t\t<\/div>\n\t\t\t\t\t<\/div>\n\t\t<\/div>\n\t\t\t\t\t\t\t<\/div>\n\t\t<\/section>\n\t\t\t\t\t\t\t<\/div>","protected":false},"excerpt":{"rendered":"<p>Dr. Ermir Gjinishi \u00a0Dr. Ermir Gjinishi, \u00ebsht\u00eb pedagog n\u00eb Institutin e Studimeve Evropiane, Universiteti i Tiran\u00ebs. Studimet e larta i kreu n\u00eb Universitetin e Tripolit. M\u00eb pas, ndoqi studimet n\u00eb [&hellip;]<\/p>","protected":false},"author":1,"featured_media":0,"parent":0,"menu_order":0,"comment_status":"closed","ping_status":"closed","template":"elementor_header_footer","meta":{"footnotes":""},"class_list":["post-1843","page","type-page","status-publish","hentry"],"_links":{"self":[{"href":"https:\/\/ise.edu.al\/en\/wp-json\/wp\/v2\/pages\/1843","targetHints":{"allow":["GET"]}}],"collection":[{"href":"https:\/\/ise.edu.al\/en\/wp-json\/wp\/v2\/pages"}],"about":[{"href":"https:\/\/ise.edu.al\/en\/wp-json\/wp\/v2\/types\/page"}],"author":[{"embeddable":true,"href":"https:\/\/ise.edu.al\/en\/wp-json\/wp\/v2\/users\/1"}],"replies":[{"embeddable":true,"href":"https:\/\/ise.edu.al\/en\/wp-json\/wp\/v2\/comments?post=1843"}],"version-history":[{"count":6,"href":"https:\/\/ise.edu.al\/en\/wp-json\/wp\/v2\/pages\/1843\/revisions"}],"predecessor-version":[{"id":2470,"href":"https:\/\/ise.edu.al\/en\/wp-json\/wp\/v2\/pages\/1843\/revisions\/2470"}],"wp:attachment":[{"href":"https:\/\/ise.edu.al\/en\/wp-json\/wp\/v2\/media?parent=1843"}],"curies":[{"name":"wp","href":"https:\/\/api.w.org\/{rel}","templated":true}]}}