{"id":1848,"date":"2023-04-11T08:08:44","date_gmt":"2023-04-11T08:08:44","guid":{"rendered":"https:\/\/ise.edu.al\/?page_id=1848"},"modified":"2023-05-20T18:19:14","modified_gmt":"2023-05-20T18:19:14","slug":"bio-2","status":"publish","type":"page","link":"https:\/\/ise.edu.al\/en\/bio-2\/","title":{"rendered":"Bio"},"content":{"rendered":"<div data-elementor-type=\"wp-page\" data-elementor-id=\"1848\" class=\"elementor elementor-1848\">\n\t\t\t\t\t\t\t\t\t<section class=\"elementor-section elementor-top-section elementor-element elementor-element-8b3f2a2 elementor-section-boxed elementor-section-height-default elementor-section-height-default row-top\" data-id=\"8b3f2a2\" data-element_type=\"section\">\n\t\t\t\t\t\t<div class=\"elementor-container elementor-column-gap-default\">\n\t\t\t\t\t<div class=\"elementor-column elementor-col-100 elementor-top-column elementor-element elementor-element-0eeeff3 column-style-top\" data-id=\"0eeeff3\" data-element_type=\"column\">\n\t\t\t<div class=\"elementor-widget-wrap elementor-element-populated\">\n\t\t\t\t\t\t\t\t<div class=\"elementor-element elementor-element-f141136 elementor-widget elementor-widget-text-editor\" data-id=\"f141136\" data-element_type=\"widget\" data-widget_type=\"text-editor.default\">\n\t\t\t\t<div class=\"elementor-widget-container\">\n\t\t\t<style>\/*! elementor - v3.12.1 - 02-04-2023 *\/\n.elementor-widget-text-editor.elementor-drop-cap-view-stacked .elementor-drop-cap{background-color:#69727d;color:#fff}.elementor-widget-text-editor.elementor-drop-cap-view-framed .elementor-drop-cap{color:#69727d;border:3px solid;background-color:transparent}.elementor-widget-text-editor:not(.elementor-drop-cap-view-default) .elementor-drop-cap{margin-top:8px}.elementor-widget-text-editor:not(.elementor-drop-cap-view-default) .elementor-drop-cap-letter{width:1em;height:1em}.elementor-widget-text-editor .elementor-drop-cap{float:left;text-align:center;line-height:1;font-size:50px}.elementor-widget-text-editor .elementor-drop-cap-letter{display:inline-block}<\/style>\t\t\t\t<h4><strong>Prof. Migena Leskoviku<\/strong><\/h4>\n<p class=\" translation-block\">Prof. Migena Leskoviku currently holds the position of Head of the EU Legislation and Policy Department at the Institute for European Studies (ISE), University of Tirana (UT). She was graduated at law in 1998, at the Law Faculty-University of Tirana, Albania.\nSince then, Prof. Migena Leskoviku has an extensive academic experience of 25 years in teaching at the University of Tirana and some non-public universities where she has also held leadership positions such as: Dean, Deputy Dean or Head of the Department at the Faculty of Law, UET; and has previous experience in public administration, too.\nProf.Dr. Migena Leskoviku has a long experience with civic society as an expert\/consultant for various local and international organizations. Also, she has participated in several projects in Albania and abroad, as a legal advisor, local or international expert on issues related to human rights, law, gender issues, European integration issues, etc. Also Prof.Dr. Migena Leskoviku has participated in several academic exchange programs and training programs in the USA and EU countries, and as a visiting professor in some academic institutions abroad.\nShe is the author of many scientific articles published in well-known scientific journals, as well as co-author of several publications\/studies in Albanian and English, published domestically and abroad. She has participated in many national and international scientific conferences and is a member of the Editorial Board of an international scientific journal, as well as a member of several boards and commissions. Prof.Dr. Migena Leskoviku is a member of the Scientific Council of the EPLO (European Public Law Organization). \nAlso, she has been active for years as an ASCAL expert, as well as a Member of the Permanent Institutional Commission for Quality Assurance Standards, elected in December 2020 by the Academic Senate, University of Tirana. Likewise, Prof.Dr. Migena Leskoviku is a Member of the Advisory Board within the framework of the National Network for Legal Education of the Public, established under the auspices and supervision of the Assembly of Albania in implementation of the National Strategy for Legal Education of the Public 2019-2023, elected on January 17, 2020.<\/p>\n<h4><strong>Prof.Asoc. Dr.Endira Bushati<\/strong><\/h4>\n<p class=\" translation-block\">Prof.  Assoc.  Dr.  Endira Bushati graduated from the University of Tirana, Faculty of Law, during 1996-2000, as \"Excellent Student\" for the academic year 1999-2000.  In the same year, she started as a lecturer at the University of Tirana, Faculty of Law, first in the Department of Public Law (2000-2002) and then in the Department of Civil Law, where she is currently engaged.\nShe is a full-time academic staff at the Department of EU Legislation and Policy, Institute for the European Studies, University of Tirana.<\/p>\n<p>During the years 2001-2003, she completed his Master's studies in Public Law with the subject \"History of the state and laws in Albania 1944-1950\".<\/p>\n<p>During 2005 she completed the course (DES) in \"European and International Business Law\" at the University of Paris Pantheon-Sorbonne in collaboration with the University of Bucharest.  In May 2009, she defended the scientific degree \"Doctor of Science\" in Civil Law.  In 2013, she received the academic title \"Associate Professor\".<\/p>\n<p class=\" translation-block\">During the years 2002-2021, she worked as a lawyer, adviser and legal expert in several central institutions of the country.\n During 2009-2014, she served as the Chairperson of the Audiovisual Media Authority (AMA). Ms Bushati speaks English, French and Italian.<\/p>\n<p>She is the author of several articles and references in national and international journals and conferences.<\/p>\n<h4><strong>Elena Polo, PhD<\/strong><\/h4>\n<p class=\" translation-block\">Elena Polo, PhD is a full-time Lecturer and Researcher at the Institute of European Studies, University of Tirana, a position she began in 2014, at the former Department of Policies and Governance (actually she is part of the EU Legislation and Policy Department). Since 2011, with a background in Economics, Mrs. Polo is also an invited Lecturer at the Department of Economics of the Faculty of Economy, University of Tirana. During these years, she has been engaged with teaching primarily in the following courses: Macroeconomics, Monetary and fiscal policies of the EU, Research methods, Economics of the European Integration, Comparative policies of the EU, Economic policymaking of the EU.  \nMrs. Polo received a PhD in Economics from Tirana University in 2021, finalizing the advanced doctoral studies with a thesis on \u201cFiscal - Monetary policy interaction to ensure macroeconomic stability and growth: theoretical and empirical modeling\u201d, with a special emphasis on the evidences from a country and a union (such as EU) macro policymaking perspectives. \nParallel with having an academic background for more than 10 years now, she is also engaged in leading and coordinating research projects, working with different domestic and foreign donors. She has participated in several research projects at the local\/country\/regional level carrying out desk and field research on situation analysis, applying multiple research methods and statistical techniques to conduct primary\/secondary data analysis, both qualitative and quantitative. She has been working in the policymaking areas of the country development offering to the public and related stakeholders a very professional and evidence-based policy analysis.\nMrs. Polo possesses a very good understanding of the strategic documents, processes and public institutions, also with a deep knowledge on the European institutions, policies and practices. She has produced and\/or contributed to various important publications\/studies in the fields of economic and social development, also focused on the good governance and European Integration issues. \nApart from the distinguished analytical and monitoring\/assessment skills, she has some excellent communication and presentation skills.With an in-depth knowledge due to her experience, Mrs. Polo is oriented in presenting and public discussing special issues of the country development. To the moment, her research interests and fields of expertise include Macroeconomics; Development Economics; EU policymaking; Sustainable Development and Financing, Good governance, as well as central and local governance reforming policies.<\/p>\n<h4><strong>Phd. Noela Mahmutaj<\/strong><\/h4>\n<p>Noela Mahmutaj \u00ebsht\u00eb pedagoge n\u00eb Departamentin e Politikave dhe Legjislacionit t\u00eb BE-s\u00eb, Instituti i Studimeve Evropiane n\u00eb Universitetin e Tiran\u00ebs. Ajo ka mbaruar doktoratur\u00ebn n\u00eb Universitetin Shtet\u00ebror t\u00eb Sh\u00ebn Peterburgut dhe mban grad\u00ebn Doktor Shkencash, si dhe Studiese n\u00eb Marr\u00ebdh\u00ebniet Nd\u00ebrkomb\u00ebtare dhe Politikat Bot\u00ebrore. Noela ka BA n\u00eb Shkenca Politike nga Universiteti &#8220;Miq\u00ebsia e Popujve&#8221;, Mosk\u00eb, dhe MsC n\u00eb Diplomaci dhe Marr\u00ebdh\u00ebnie Nd\u00ebrkomb\u00ebtare t\u00eb BE-s\u00eb nga Instituti i Studimeve Evropiane.<br>Interesi i saj k\u00ebrkimor jan\u00eb politikat bot\u00ebrore, studimet rajonale dhe nd\u00ebrkomb\u00ebtare. Ajo ka botuar punime shkencore dhe ka marr\u00eb pjes\u00eb n\u00eb konferenca dhe konventa nd\u00ebrkomb\u00ebtare.<br>Noela jep l\u00ebnd\u00eb t\u00eb tilla si: Teoria dhe praktika e marr\u00ebdh\u00ebnieve nd\u00ebrkomb\u00ebtare, Gjeopolitik\u00eb, Politika e jashtme e shtetit shqiptar, etj.<\/p>\t\t\t\t\t\t<\/div>\n\t\t\t\t<\/div>\n\t\t\t\t\t<\/div>\n\t\t<\/div>\n\t\t\t\t\t\t\t<\/div>\n\t\t<\/section>\n\t\t\t\t\t\t\t<\/div>","protected":false},"excerpt":{"rendered":"<p>Prof. Migena Leskoviku Prof. Migena Leskoviku aktualisht mban pozicionin e Shefes s\u00eb Departamentit t\u00eb Legjislacionit dhe Politik\u00ebs s\u00eb BE-s\u00eb n\u00eb Institutin e Studimeve Evropiane (ISE), Universiteti i Tiran\u00ebs (UT). Ajo [&hellip;]<\/p>","protected":false},"author":1,"featured_media":0,"parent":0,"menu_order":0,"comment_status":"closed","ping_status":"closed","template":"elementor_header_footer","meta":{"footnotes":""},"class_list":["post-1848","page","type-page","status-publish","hentry"],"_links":{"self":[{"href":"https:\/\/ise.edu.al\/en\/wp-json\/wp\/v2\/pages\/1848","targetHints":{"allow":["GET"]}}],"collection":[{"href":"https:\/\/ise.edu.al\/en\/wp-json\/wp\/v2\/pages"}],"about":[{"href":"https:\/\/ise.edu.al\/en\/wp-json\/wp\/v2\/types\/page"}],"author":[{"embeddable":true,"href":"https:\/\/ise.edu.al\/en\/wp-json\/wp\/v2\/users\/1"}],"replies":[{"embeddable":true,"href":"https:\/\/ise.edu.al\/en\/wp-json\/wp\/v2\/comments?post=1848"}],"version-history":[{"count":0,"href":"https:\/\/ise.edu.al\/en\/wp-json\/wp\/v2\/pages\/1848\/revisions"}],"wp:attachment":[{"href":"https:\/\/ise.edu.al\/en\/wp-json\/wp\/v2\/media?parent=1848"}],"curies":[{"name":"wp","href":"https:\/\/api.w.org\/{rel}","templated":true}]}}