{"id":1856,"date":"2023-04-11T08:59:36","date_gmt":"2023-04-11T08:59:36","guid":{"rendered":"https:\/\/ise.edu.al\/?page_id=1856"},"modified":"2023-04-11T09:10:47","modified_gmt":"2023-04-11T09:10:47","slug":"pse-te-studiosh-ne-ise","status":"publish","type":"page","link":"https:\/\/ise.edu.al\/en\/pse-te-studiosh-ne-ise\/","title":{"rendered":"Why study at ISE?"},"content":{"rendered":"<div data-elementor-type=\"wp-page\" data-elementor-id=\"1856\" class=\"elementor elementor-1856\">\n\t\t\t\t\t\t\t\t\t<section class=\"elementor-section elementor-top-section elementor-element elementor-element-4835f0a elementor-section-boxed elementor-section-height-default elementor-section-height-default row-top\" data-id=\"4835f0a\" data-element_type=\"section\">\n\t\t\t\t\t\t<div class=\"elementor-container elementor-column-gap-default\">\n\t\t\t\t\t<div class=\"elementor-column elementor-col-100 elementor-top-column elementor-element elementor-element-caf7be3 column-style-top\" data-id=\"caf7be3\" data-element_type=\"column\">\n\t\t\t<div class=\"elementor-widget-wrap elementor-element-populated\">\n\t\t\t\t\t\t\t\t<div class=\"elementor-element elementor-element-8d6227e elementor-widget elementor-widget-text-editor\" data-id=\"8d6227e\" data-element_type=\"widget\" data-widget_type=\"text-editor.default\">\n\t\t\t\t<div class=\"elementor-widget-container\">\n\t\t\t<style>\/*! elementor - v3.12.1 - 02-04-2023 *\/\n.elementor-widget-text-editor.elementor-drop-cap-view-stacked .elementor-drop-cap{background-color:#69727d;color:#fff}.elementor-widget-text-editor.elementor-drop-cap-view-framed .elementor-drop-cap{color:#69727d;border:3px solid;background-color:transparent}.elementor-widget-text-editor:not(.elementor-drop-cap-view-default) .elementor-drop-cap{margin-top:8px}.elementor-widget-text-editor:not(.elementor-drop-cap-view-default) .elementor-drop-cap-letter{width:1em;height:1em}.elementor-widget-text-editor .elementor-drop-cap{float:left;text-align:center;line-height:1;font-size:50px}.elementor-widget-text-editor .elementor-drop-cap-letter{display:inline-block}<\/style>\t\t\t\t<p><span style=\"color: #000000;\"><strong>Why should you choose the Institute of European Studies at UT?<\/strong><\/span><\/p><p><span style=\"color: #000000;\">Nowadays, the opportunities for education are not good and any of the young people can choose to continue their second cycle studies in various local HEIs (public\/non-public) or even abroad.<\/span><\/p><p><span style=\"color: #000000;\">But we suggest you come to ISE, UT for these reasons:<\/span><\/p><p><span style=\"color: #000000;\">1. Diploma of an employment business, issued by the first and largest public university in the country;<\/span><\/p><p><span style=\"color: #000000;\">2. Our academic offer and the curriculum of Master's programs that have not been of an excellent treaty and orientation of the latest development in the field of European integration of the country;<\/span><\/p><p><span style=\"color: #000000;\">3. Mastery curriculum that is not registered and based on some best western stories as well as our many years of experience;<\/span><\/p><p><span style=\"color: #000000;\">4. Benefits from the scholarship system (reduction of fees) for high and high standards;<\/span><\/p><p><span style=\"color: #000000;\">5. Opportunity to benefit from student exchange programs (eg Erasmus+) with partner universities;<\/span><\/p><p><span style=\"color: #000000;\">6. Opportunities for activities dedicated to knowledge and the promotion of their best values and skills;<\/span><\/p><p><span style=\"color: #000000;\">7. Opportunity to be part of courses with foreign or local lecturers;<\/span><\/p><p><span style=\"color: #000000;\">8. A quiet and friendly environment for telephony;<\/span><\/p><p><span style=\"color: #000000;\">9. Facilities at work;<\/span><\/p><p><span style=\"color: #000000;\">10. Multidisciplinarity;<\/span><\/p><p><span style=\"color: #000000;\">11. Opportunities for greater social inclusion of students.<\/span><\/p><p>\u00a0<\/p><p class=\" translation-block\">The office offers it<\/p><p><span style=\"color: #000000;\">Due to the organization of university houses, ISE structure with the Directorate of Public and Student Relations, at the levels of the UT Rectorate, which has the task of covering all the public and students, the management of information that is distributed through the media and social networks , curating and improving the image, as well as communication between students for the sake of organizing student life in the main units of the university.<\/span><\/p><p><span style=\"color: #000000;\">The system is to cover aspects of public communication and other partners. This can be done through traditional media, information technology, online services, etc. the goals of promoting the values of the university, organizing and improving communication between students at the faculty level or between different universities, inside and outside the country.<\/span><\/p><p><span style=\"color: #000000;\">By consulting different countries, we you can see some information about the opportunities that they are among the partners offers, e.g. trainings, various activities, internships, professional practice and employment opportunities for interviews, how to do one, present a CV, etc.<\/span><\/p><p><span style=\"color: #000000;\">The remote sector with students in this directorate at the Rectors has the task of covering the organization of student life, the supervision and promotion of cultural, sports, environmental events, etc., to create vitality and activism among them. So ISE created with this structure in relation to the career and data orientation in relation to the studies of the programs that I have oriented.<\/span><\/p><p><span style=\"color: #000000;\">The system is not only the participation in various activities at the university, but also to promote the University of Tirana not only as a center of higher education but also as an active youth center.<\/span><\/p><p>\u00a0<\/p><p><span style=\"color: #000000;\"><strong>Where can you consult before the final choice of study program?<\/strong><\/span><\/p><p><span style=\"color: #000000;\">For more detailed information, you can get it at the rectory near the Student Relations Sector, but also at ISE. With us, you will get to know more concretely the programs of the second cycle that you should not have but also of the third cycle, their structure, the tastes and the perspective for the requirements that follow a master's in European studies, the documentation that is for registration, the fees etc.<\/span><\/p><p><span style=\"color: #000000;\">The curriculum of this program is oriented towards interdisciplinarity, thus making more choice and variety of courses.<\/span><\/p><p><span style=\"color: #000000;\">Teaching is done by leading sources in their fields and professors with rich teaching and professional work. Teaching by professors from different faculties of UT, of different disciplines, lessons in small manageable groups, teaching learning a special environment and an individual more for interactivity.<\/span><\/p><p><span style=\"color: #000000;\">ISE &amp; UT also uses platforms that identify to provide information to Students and anyone interested in getting to know the institute, the goals and objectives they do, the activities that are organized, initiatives and projects, etc<\/span><\/p><p><span style=\"color: #000000;\">UT offers online information that students use to get to know people, reflect on work and activities, provide information and announcements, etc. Social media is no longer used and ISE has its official website ww.ise.edu.al where they can go for any necessary information but also social networks such as facebook.<\/span><\/p><p>\u00a0<\/p><p>\u00a0<\/p><p>\u00a0<\/p><p>\u00a0<\/p><p><span style=\"color: #000000;\"><strong>Registration<\/strong><\/span><\/p><p><span style=\"color: #000000;\">The registration process in the Master's cycle is done every year based on special instructions issued by MAS. For enrollment in the second cycle of Master of Science studies, students must appear at the institution to apply for one of the master's programs we offer. After the application, the selection and registration process takes place on a date determined by the MAS instructions.<\/span><\/p><p><span style=\"color: #000000;\">Get more detailed information by contacting us directly at ISE or through the online platform, where you will find the updated and necessary information for this orientation.<\/span><\/p><p><span style=\"color: #000000;\">The concrete documentation that must be submitted by the candidate, the deadline and the selection procedure are part of an important process that guarantees legality, transparency, non-discrimination and equality in decision-making.<\/span><\/p><p><span style=\"color: #000000;\">Currently, a section on the ISE website dedicated only to students and their orientation and information, as well as on the Facebook social network, where information about students, the activities that take place and other important information about the learning process and academic activity is constantly distributed. in UT.<\/span><\/p><p>\u00a0<\/p><p class=\" translation-block\">Why counseling is important for students<\/p><p>\u00a0<\/p><p><span style=\"color: #000000;\">We all need counseling at a certain stage of life and more so students who need to be better oriented to choose the right direction, to take the necessary steps that better orient them to the master studies they want to perform. Counseling enables the student to receive valuable guidance in order to be oriented towards solving a problem and to succeed in any phase of life.<\/span><\/p><p><span style=\"color: #000000;\">Like any other person, students also need the right guidance to choose a study program, but also a career in which they can adapt and orient themselves as best as possible in the labor market.<\/span><\/p><p><span style=\"color: #000000;\">Thus, we can say that counseling has a great importance in the life of a student which helps him to progress in his career and in life.<\/span><\/p><p><span style=\"color: #000000;\">Counseling helps students to better orient themselves not only in the university environment but also beyond.<\/span><\/p><p><span style=\"color: #000000;\">ISE graduates continue to be an important part of our community even after they graduate. Continuous learning, common interests, common connections, etc., make our alumni community an added value of the institution and its degree.<\/span><\/p><p><span style=\"color: #000000;\">Thanks to the continuous cooperation with various public or private institutions, subjects and organizations, we have provided students with opportunities for employment in the Albanian labor market. Our alumni community consists of a large number of graduates that grows every year, of which over 80% are employed in various public or private sectors.<\/span><\/p>\t\t\t\t\t\t<\/div>\n\t\t\t\t<\/div>\n\t\t\t\t\t<\/div>\n\t\t<\/div>\n\t\t\t\t\t\t\t<\/div>\n\t\t<\/section>\n\t\t\t\t<section class=\"elementor-section elementor-top-section elementor-element elementor-element-01bd10f elementor-section-boxed elementor-section-height-default elementor-section-height-default row-top\" data-id=\"01bd10f\" data-element_type=\"section\">\n\t\t\t\t\t\t<div class=\"elementor-container elementor-column-gap-default\">\n\t\t\t\t\t<div class=\"elementor-column elementor-col-100 elementor-top-column elementor-element elementor-element-111cb89 column-style-top\" data-id=\"111cb89\" data-element_type=\"column\">\n\t\t\t<div class=\"elementor-widget-wrap elementor-element-populated\">\n\t\t\t\t\t\t\t\t<div class=\"elementor-element elementor-element-062c27d elementor-widget elementor-widget-button\" data-id=\"062c27d\" data-element_type=\"widget\" data-widget_type=\"button.default\">\n\t\t\t\t<div class=\"elementor-widget-container\">\n\t\t\t\t\t<div class=\"elementor-button-wrapper\">\n\t\t\t<a href=\"https:\/\/ise.edu.al\/wp-content\/uploads\/2023\/04\/Plani-mesimor-Legjislacion-dhe-Institucione-Evropiane-ang.pdf\" class=\"elementor-button-link elementor-button elementor-size-sm\" role=\"button\">\n\t\t\t\t\t\t<span class=\"elementor-button-content-wrapper\">\n\t\t\t\t\t\t<span class=\"elementor-button-text\">Teaching Plan<\/span>\n\t\t<\/span>\n\t\t\t\t\t<\/a>\n\t\t<\/div>\n\t\t\t\t<\/div>\n\t\t\t\t<\/div>\n\t\t\t\t\t<\/div>\n\t\t<\/div>\n\t\t\t\t\t\t\t<\/div>\n\t\t<\/section>\n\t\t\t\t\t\t\t<\/div>","protected":false},"excerpt":{"rendered":"<p>Pse duhet t\u00eb zgjidhni Institutin e Studimeve Evropiane n\u00eb UT? N\u00eb dit\u00ebt e sotme mund\u00ebsit\u00eb p\u00ebr arsimim jan\u00eb t\u00eb shumta dhe kushdo nga t\u00eb rinjt\u00eb mund t\u00eb zgjedh\u00eb t\u00eb vijoj\u00eb [&hellip;]<\/p>","protected":false},"author":1,"featured_media":0,"parent":0,"menu_order":0,"comment_status":"closed","ping_status":"closed","template":"elementor_header_footer","meta":{"footnotes":""},"class_list":["post-1856","page","type-page","status-publish","hentry"],"_links":{"self":[{"href":"https:\/\/ise.edu.al\/en\/wp-json\/wp\/v2\/pages\/1856","targetHints":{"allow":["GET"]}}],"collection":[{"href":"https:\/\/ise.edu.al\/en\/wp-json\/wp\/v2\/pages"}],"about":[{"href":"https:\/\/ise.edu.al\/en\/wp-json\/wp\/v2\/types\/page"}],"author":[{"embeddable":true,"href":"https:\/\/ise.edu.al\/en\/wp-json\/wp\/v2\/users\/1"}],"replies":[{"embeddable":true,"href":"https:\/\/ise.edu.al\/en\/wp-json\/wp\/v2\/comments?post=1856"}],"version-history":[{"count":0,"href":"https:\/\/ise.edu.al\/en\/wp-json\/wp\/v2\/pages\/1856\/revisions"}],"wp:attachment":[{"href":"https:\/\/ise.edu.al\/en\/wp-json\/wp\/v2\/media?parent=1856"}],"curies":[{"name":"wp","href":"https:\/\/api.w.org\/{rel}","templated":true}]}}