{"id":25,"date":"2020-12-08T03:54:06","date_gmt":"2020-12-08T03:54:06","guid":{"rendered":"https:\/\/gaviaspreview.com\/wp\/zilom\/?page_id=25"},"modified":"2020-12-08T03:54:06","modified_gmt":"2020-12-08T03:54:06","slug":"news","status":"publish","type":"page","link":"https:\/\/ise.edu.al\/en\/news\/","title":{"rendered":"News"},"content":{"rendered":"<div data-elementor-type=\"wp-page\" data-elementor-id=\"25\" class=\"elementor elementor-25\">\n\t\t\t\t\t\t\t\t\t<section class=\"elementor-section elementor-top-section elementor-element elementor-element-1fbe8dbc elementor-section-boxed elementor-section-height-default elementor-section-height-default row-top\" data-id=\"1fbe8dbc\" data-element_type=\"section\">\n\t\t\t\t\t\t<div class=\"elementor-container elementor-column-gap-default\">\n\t\t\t\t\t<div class=\"elementor-column elementor-col-100 elementor-top-column elementor-element elementor-element-505d4390 column-style-top\" data-id=\"505d4390\" data-element_type=\"column\">\n\t\t\t<div class=\"elementor-widget-wrap elementor-element-populated\">\n\t\t\t\t\t\t\t\t<div class=\"elementor-element elementor-element-962a554 elementor-widget elementor-widget-gva-posts\" data-id=\"962a554\" data-element_type=\"widget\" data-widget_type=\"gva-posts.default\">\n\t\t\t\t<div class=\"elementor-widget-container\">\n\t\t\t<div class=\"gva-element-gva-posts gva-element\">  \r\n  <div class=\"gva-posts-grid clearfix gva-posts\">\r\n\t\t<div class=\"gva-content-items\"> \r\n\t\t  <div class=\"lg-block-grid-3 md-block-grid-3 sm-block-grid-2 xs-block-grid-2 xx-block-grid-1\">\r\n\t\t\t \r\n<div class=\"all uncategorized\">\r\n   <article id=\"post-2473\" class=\"post post-style-1 post-2473 type-post status-publish format-standard hentry category-uncategorized\">\r\n      <div class=\"post-thumbnail\">\r\n         <a href=\"https:\/\/ise.edu.al\/en\/telegram-groups-for-crypto\/\">\r\n                     <\/a>\r\n         <div class=\"entry-meta\">\r\n            <div class=\"clearfix meta-inline post-meta-1\"><span class=\"entry-date\"><i class=\"far fa-clock\"><\/i>December 27, 2024<\/span><\/div>         <\/div> \r\n      <\/div>   \r\n\r\n      <div class=\"entry-content\">\r\n         <div class=\"content-inner\">\r\n            <h3 class=\"entry-title\"><a href=\"https:\/\/ise.edu.al\/en\/telegram-groups-for-crypto\/\" rel=\"bookmark\">Telegram Groups for Crypto \u27a4 Join Top 15+ Channels for 2024 Insights<\/a><\/h3>\r\n                           <div class=\"entry-desc\">\r\n                  Telegram groups for crypto \u2794 join online communities for real-time cryptocurrency trends, insights, and free               <\/div>   \r\n                        <div class=\"read-more\">\r\n               <a class=\"btn-inline\" href=\"https:\/\/ise.edu.al\/en\/telegram-groups-for-crypto\/\">Read more<\/a>\r\n            <\/div>\r\n         <\/div>\r\n\r\n      <\/div>\r\n   <\/article>   \r\n<\/div>\r\n\r\n  \r\n<div class=\"all uncategorized\">\r\n   <article id=\"post-2471\" class=\"post post-style-1 post-2471 type-post status-publish format-standard hentry category-uncategorized\">\r\n      <div class=\"post-thumbnail\">\r\n         <a href=\"https:\/\/ise.edu.al\/en\/windows-10-pro-activation-key-kmspico\/\">\r\n                     <\/a>\r\n         <div class=\"entry-meta\">\r\n            <div class=\"clearfix meta-inline post-meta-1\"><span class=\"entry-date\"><i class=\"far fa-clock\"><\/i>December 17, 2024<\/span><\/div>         <\/div> \r\n      <\/div>   \r\n\r\n      <div class=\"entry-content\">\r\n         <div class=\"content-inner\">\r\n            <h3 class=\"entry-title\"><a href=\"https:\/\/ise.edu.al\/en\/windows-10-pro-activation-key-kmspico\/\" rel=\"bookmark\">Windows 10 Pro Activation Key KMSPico \u27a4 Activate Now for Free<\/a><\/h3>\r\n                           <div class=\"entry-desc\">\r\n                  Windows 10 Pro activation key KMSPico \u27a4 Activate your Windows 10 Pro effortlessly with KMSPico,               <\/div>   \r\n                        <div class=\"read-more\">\r\n               <a class=\"btn-inline\" href=\"https:\/\/ise.edu.al\/en\/windows-10-pro-activation-key-kmspico\/\">Read more<\/a>\r\n            <\/div>\r\n         <\/div>\r\n\r\n      <\/div>\r\n   <\/article>   \r\n<\/div>\r\n\r\n  \r\n<div class=\"all aktivitete\">\r\n   <article id=\"post-2402\" class=\"post post-style-1 post-2402 type-post status-publish format-standard has-post-thumbnail hentry category-aktivitete\">\r\n      <div class=\"post-thumbnail\">\r\n         <a href=\"https:\/\/ise.edu.al\/en\/ceremonia-e-te-diplomuarve\/\">\r\n            <img loading=\"lazy\" decoding=\"async\" width=\"577\" height=\"385\" src=\"https:\/\/ise.edu.al\/wp-content\/uploads\/2024\/11\/464501095_122193471602210008_8629871982005941461_n.jpg\" class=\"attachment-post-thumbnail size-post-thumbnail wp-post-image\" alt=\"Ceremonia e te diplomuarve\" \/>         <\/a>\r\n         <div class=\"entry-meta\">\r\n            <div class=\"clearfix meta-inline post-meta-1\"><span class=\"entry-date\"><i class=\"far fa-clock\"><\/i>November 24, 2024<\/span><\/div>         <\/div> \r\n      <\/div>   \r\n\r\n      <div class=\"entry-content\">\r\n         <div class=\"content-inner\">\r\n            <h3 class=\"entry-title\"><a href=\"https:\/\/ise.edu.al\/en\/ceremonia-e-te-diplomuarve\/\" rel=\"bookmark\">Ceremonia e te diplomuarve<\/a><\/h3>\r\n                           <div class=\"entry-desc\">\r\n                  K\u00ebnaq\u00ebsi e ve\u00e7ant\u00eb ceremonia e t\u00eb diplomuarve t\u00eb par\u00eb t\u00eb Masterit Ekzekutiv \u201cEU Membership and               <\/div>   \r\n                        <div class=\"read-more\">\r\n               <a class=\"btn-inline\" href=\"https:\/\/ise.edu.al\/en\/ceremonia-e-te-diplomuarve\/\">Read more<\/a>\r\n            <\/div>\r\n         <\/div>\r\n\r\n      <\/div>\r\n   <\/article>   \r\n<\/div>\r\n\r\n  \r\n<div class=\"all trajnim\">\r\n   <article id=\"post-2394\" class=\"post post-style-1 post-2394 type-post status-publish format-standard has-post-thumbnail hentry category-trajnim\">\r\n      <div class=\"post-thumbnail\">\r\n         <a href=\"https:\/\/ise.edu.al\/en\/trajnim-njeditor-ise-delegacioni-i-be-se-kolegji-i-europes\/\">\r\n            <img loading=\"lazy\" decoding=\"async\" width=\"385\" height=\"385\" src=\"https:\/\/ise.edu.al\/wp-content\/uploads\/2024\/11\/6-1.png\" class=\"attachment-post-thumbnail size-post-thumbnail wp-post-image\" alt=\"Trajnim nj\u00ebditor: ISE &#8211; Delegacioni i BE-s\u00eb &#8211; Kolegji i Europ\u00ebs\" \/>         <\/a>\r\n         <div class=\"entry-meta\">\r\n            <div class=\"clearfix meta-inline post-meta-1\"><span class=\"entry-date\"><i class=\"far fa-clock\"><\/i>November 24, 2024<\/span><\/div>         <\/div> \r\n      <\/div>   \r\n\r\n      <div class=\"entry-content\">\r\n         <div class=\"content-inner\">\r\n            <h3 class=\"entry-title\"><a href=\"https:\/\/ise.edu.al\/en\/trajnim-njeditor-ise-delegacioni-i-be-se-kolegji-i-europes\/\" rel=\"bookmark\">Trajnim nj\u00ebditor: ISE &#8211; Delegacioni i BE-s\u00eb &#8211; Kolegji i Europ\u00ebs<\/a><\/h3>\r\n                           <div class=\"entry-desc\">\r\n                  Trajnim nj\u00ebditor: ISE &#8211; Delegacioni i BE-s\u00eb &#8211; Kolegji i Europ\u00ebs Ishte k\u00ebnaq\u00ebsi p\u00ebr ne               <\/div>   \r\n                        <div class=\"read-more\">\r\n               <a class=\"btn-inline\" href=\"https:\/\/ise.edu.al\/en\/trajnim-njeditor-ise-delegacioni-i-be-se-kolegji-i-europes\/\">Read more<\/a>\r\n            <\/div>\r\n         <\/div>\r\n\r\n      <\/div>\r\n   <\/article>   \r\n<\/div>\r\n\r\n  \r\n<div class=\"all aktivitete\">\r\n   <article id=\"post-2389\" class=\"post post-style-1 post-2389 type-post status-publish format-standard has-post-thumbnail hentry category-aktivitete\">\r\n      <div class=\"post-thumbnail\">\r\n         <a href=\"https:\/\/ise.edu.al\/en\/leksion-i-hapur-ne-keshillin-kombetar-te-integrimit-evropian-kkie-kuvendi-i-shqiperise-me-teme-kuvendi-i-shqiperise-ne-procesin-e-integrimit-evropian\/\">\r\n            <img loading=\"lazy\" decoding=\"async\" width=\"385\" height=\"385\" src=\"https:\/\/ise.edu.al\/wp-content\/uploads\/2024\/11\/3-7.png\" class=\"attachment-post-thumbnail size-post-thumbnail wp-post-image\" alt=\"Leksion i hapur n\u00eb K\u00ebshillin Komb\u00ebtar t\u00eb Integrimit Evropian (KKIE), Kuvendi i Shqip\u00ebris\u00eb me tem\u00eb \u201cKuvendi i Shqip\u00ebris\u00eb n\u00eb procesin e Integrimit Evropian\u201d.\" \/>         <\/a>\r\n         <div class=\"entry-meta\">\r\n            <div class=\"clearfix meta-inline post-meta-1\"><span class=\"entry-date\"><i class=\"far fa-clock\"><\/i>November 24, 2024<\/span><\/div>         <\/div> \r\n      <\/div>   \r\n\r\n      <div class=\"entry-content\">\r\n         <div class=\"content-inner\">\r\n            <h3 class=\"entry-title\"><a href=\"https:\/\/ise.edu.al\/en\/leksion-i-hapur-ne-keshillin-kombetar-te-integrimit-evropian-kkie-kuvendi-i-shqiperise-me-teme-kuvendi-i-shqiperise-ne-procesin-e-integrimit-evropian\/\" rel=\"bookmark\">Leksion i hapur n\u00eb K\u00ebshillin Komb\u00ebtar t\u00eb Integrimit Evropian (KKIE), Kuvendi i Shqip\u00ebris\u00eb me tem\u00eb \u201cKuvendi i Shqip\u00ebris\u00eb n\u00eb procesin e Integrimit Evropian\u201d.<\/a><\/h3>\r\n                           <div class=\"entry-desc\">\r\n                  N\u00eb dat\u00ebn 19.06.2024, student\u00ebt e programeve Master i Shkencave n\u00eb ISE, si pjes\u00eb e l\u00ebnd\u00ebs               <\/div>   \r\n                        <div class=\"read-more\">\r\n               <a class=\"btn-inline\" href=\"https:\/\/ise.edu.al\/en\/leksion-i-hapur-ne-keshillin-kombetar-te-integrimit-evropian-kkie-kuvendi-i-shqiperise-me-teme-kuvendi-i-shqiperise-ne-procesin-e-integrimit-evropian\/\">Read more<\/a>\r\n            <\/div>\r\n         <\/div>\r\n\r\n      <\/div>\r\n   <\/article>   \r\n<\/div>\r\n\r\n  \r\n<div class=\"all aktivitete\">\r\n   <article id=\"post-2382\" class=\"post post-style-1 post-2382 type-post status-publish format-standard has-post-thumbnail hentry category-aktivitete\">\r\n      <div class=\"post-thumbnail\">\r\n         <a href=\"https:\/\/ise.edu.al\/en\/presentation-of-council-of-europes-new-education-strategy-2024-2030-learners-first-education-for-todays-and-tomorrows-democratic-societies\/\">\r\n            <img loading=\"lazy\" decoding=\"async\" width=\"385\" height=\"385\" src=\"https:\/\/ise.edu.al\/wp-content\/uploads\/2024\/11\/1-5.png\" class=\"attachment-post-thumbnail size-post-thumbnail wp-post-image\" alt=\"Presentation of Council of Europe&#8217;s new Education Strategy 2024-2030, &#8220;Learners First \u2013 Education for Today&#8217;s and Tomorrow&#8217;s Democratic Societies&#8221;\" \/>         <\/a>\r\n         <div class=\"entry-meta\">\r\n            <div class=\"clearfix meta-inline post-meta-1\"><span class=\"entry-date\"><i class=\"far fa-clock\"><\/i>November 24, 2024<\/span><\/div>         <\/div> \r\n      <\/div>   \r\n\r\n      <div class=\"entry-content\">\r\n         <div class=\"content-inner\">\r\n            <h3 class=\"entry-title\"><a href=\"https:\/\/ise.edu.al\/en\/presentation-of-council-of-europes-new-education-strategy-2024-2030-learners-first-education-for-todays-and-tomorrows-democratic-societies\/\" rel=\"bookmark\">Presentation of Council of Europe&#8217;s new Education Strategy 2024-2030, &#8220;Learners First \u2013 Education for Today&#8217;s and Tomorrow&#8217;s Democratic Societies&#8221;<\/a><\/h3>\r\n                           <div class=\"entry-desc\">\r\n                  Presentation of Council of Europe&#8217;s new Education Strategy 2024-2030, &#8220;Learners First \u2013 Education for Today&#8217;s               <\/div>   \r\n                        <div class=\"read-more\">\r\n               <a class=\"btn-inline\" href=\"https:\/\/ise.edu.al\/en\/presentation-of-council-of-europes-new-education-strategy-2024-2030-learners-first-education-for-todays-and-tomorrows-democratic-societies\/\">Read more<\/a>\r\n            <\/div>\r\n         <\/div>\r\n\r\n      <\/div>\r\n   <\/article>   \r\n<\/div>\r\n\r\n  \t\t  <\/div>\r\n\t\t<\/div>\r\n\t\t\t\t\t <div class=\"pagination\">\r\n\t\t\t\t  <div class=\"column one pager_wrapper\"><div class=\"pager\"><div class=\"paginations\"><a href=\"https:\/\/ise.edu.al\/en\/wp-json\/wp\/v2\/pages\/25\/\" class=\"page-item active\">1<\/a><a href=\"https:\/\/ise.edu.al\/en\/wp-json\/wp\/v2\/pages\/25\/page\/2\/\" class=\"page-item\">2<\/a><a href=\"https:\/\/ise.edu.al\/en\/wp-json\/wp\/v2\/pages\/25\/page\/3\/\" class=\"page-item\">3<\/a><span class=\"page-item\">... <\/span><a href=\"https:\/\/ise.edu.al\/en\/wp-json\/wp\/v2\/pages\/25\/page\/7\/\" class=\"page-item\">7<\/a><a class=\"next_page\" href=\"https:\/\/ise.edu.al\/en\/wp-json\/wp\/v2\/pages\/25\/page\/2\/\"><i class=\"fas fa-chevron-right\"><\/i><\/a><\/div><\/div><\/div>\n\t\t\t <\/div>\r\n\t\t  <\/div>\r\n  <\/div>\t\t<\/div>\n\t\t\t\t<\/div>\n\t\t\t\t\t<\/div>\n\t\t<\/div>\n\t\t\t\t\t\t\t<\/div>\n\t\t<\/section>\n\t\t\t\t\t\t\t<\/div>","protected":false},"excerpt":{"rendered":"<p>8 Dec, 2020 admin0 Comments Donation is Hope for Poor Childrens There are many variations of but the majority have simply free text available not suffered. Read more 8 Dec, [&hellip;]<\/p>","protected":false},"author":1,"featured_media":0,"parent":0,"menu_order":0,"comment_status":"closed","ping_status":"closed","template":"","meta":{"footnotes":""},"class_list":["post-25","page","type-page","status-publish","hentry"],"_links":{"self":[{"href":"https:\/\/ise.edu.al\/en\/wp-json\/wp\/v2\/pages\/25","targetHints":{"allow":["GET"]}}],"collection":[{"href":"https:\/\/ise.edu.al\/en\/wp-json\/wp\/v2\/pages"}],"about":[{"href":"https:\/\/ise.edu.al\/en\/wp-json\/wp\/v2\/types\/page"}],"author":[{"embeddable":true,"href":"https:\/\/ise.edu.al\/en\/wp-json\/wp\/v2\/users\/1"}],"replies":[{"embeddable":true,"href":"https:\/\/ise.edu.al\/en\/wp-json\/wp\/v2\/comments?post=25"}],"version-history":[{"count":0,"href":"https:\/\/ise.edu.al\/en\/wp-json\/wp\/v2\/pages\/25\/revisions"}],"wp:attachment":[{"href":"https:\/\/ise.edu.al\/en\/wp-json\/wp\/v2\/media?parent=25"}],"curies":[{"name":"wp","href":"https:\/\/api.w.org\/{rel}","templated":true}]}}