{"id":2501,"date":"2025-07-08T07:38:30","date_gmt":"2025-07-08T07:38:30","guid":{"rendered":"https:\/\/ise.edu.al\/?page_id=2501"},"modified":"2025-07-08T07:41:01","modified_gmt":"2025-07-08T07:41:01","slug":"projekti-rritja-e-cilesise-se-burimeve-njerezore-te-administrates-publike-ne-konceptimin-dhe-shkrimin-e-dokumentacionit-zyrtar","status":"publish","type":"page","link":"https:\/\/ise.edu.al\/en\/projekti-rritja-e-cilesise-se-burimeve-njerezore-te-administrates-publike-ne-konceptimin-dhe-shkrimin-e-dokumentacionit-zyrtar\/","title":{"rendered":"Projekti: Rritja e cil\u00ebsis\u00eb s\u00eb burimeve njer\u00ebzore t\u00eb administrat\u00ebs publike n\u00eb konceptimin dhe shkrimin e dokumentacionit zyrtar"},"content":{"rendered":"<div data-elementor-type=\"wp-page\" data-elementor-id=\"2501\" class=\"elementor elementor-2501\">\n\t\t\t\t\t\t\t\t\t<section class=\"elementor-section elementor-top-section elementor-element elementor-element-5d91ee8 elementor-section-boxed elementor-section-height-default elementor-section-height-default row-top\" data-id=\"5d91ee8\" data-element_type=\"section\">\n\t\t\t\t\t\t<div class=\"elementor-container elementor-column-gap-default\">\n\t\t\t\t\t<div class=\"elementor-column elementor-col-100 elementor-top-column elementor-element elementor-element-957f7cb column-style-top\" data-id=\"957f7cb\" data-element_type=\"column\">\n\t\t\t<div class=\"elementor-widget-wrap elementor-element-populated\">\n\t\t\t\t\t\t\t\t<div class=\"elementor-element elementor-element-b07176a elementor-widget elementor-widget-image\" data-id=\"b07176a\" data-element_type=\"widget\" data-widget_type=\"image.default\">\n\t\t\t\t<div class=\"elementor-widget-container\">\n\t\t\t<style>\/*! elementor - v3.12.1 - 02-04-2023 *\/\n.elementor-widget-image{text-align:center}.elementor-widget-image a{display:inline-block}.elementor-widget-image a img[src$=\".svg\"]{width:48px}.elementor-widget-image img{vertical-align:middle;display:inline-block}<\/style>\t\t\t\t\t\t\t\t\t\t\t\t<img loading=\"lazy\" decoding=\"async\" width=\"106\" height=\"106\" src=\"https:\/\/ise.edu.al\/wp-content\/uploads\/2025\/07\/odsa.jpg\" class=\"attachment-large size-large wp-image-2502\" alt=\"\" \/>\t\t\t\t\t\t\t\t\t\t\t\t\t\t\t<\/div>\n\t\t\t\t<\/div>\n\t\t\t\t<div class=\"elementor-element elementor-element-b97089f elementor-widget elementor-widget-text-editor\" data-id=\"b97089f\" data-element_type=\"widget\" data-widget_type=\"text-editor.default\">\n\t\t\t\t<div class=\"elementor-widget-container\">\n\t\t\t<style>\/*! elementor - v3.12.1 - 02-04-2023 *\/\n.elementor-widget-text-editor.elementor-drop-cap-view-stacked .elementor-drop-cap{background-color:#69727d;color:#fff}.elementor-widget-text-editor.elementor-drop-cap-view-framed .elementor-drop-cap{color:#69727d;border:3px solid;background-color:transparent}.elementor-widget-text-editor:not(.elementor-drop-cap-view-default) .elementor-drop-cap{margin-top:8px}.elementor-widget-text-editor:not(.elementor-drop-cap-view-default) .elementor-drop-cap-letter{width:1em;height:1em}.elementor-widget-text-editor .elementor-drop-cap{float:left;text-align:center;line-height:1;font-size:50px}.elementor-widget-text-editor .elementor-drop-cap-letter{display:inline-block}<\/style>\t\t\t\t<p><strong>Projekti: Rritja e cil\u00ebsis\u00eb s\u00eb burimeve njer\u00ebzore t\u00eb administrat\u00ebs publike n\u00eb konceptimin dhe shkrimin e dokumentacionit zyrtar<\/strong><\/p><p><strong>\u00a0<\/strong><\/p><p><strong>Institucioni financues<\/strong>: AKKSHI<\/p><p><strong>Institucioni zbatues<\/strong>: Instituti i Studimeve Evropiane, Universiteti i Tiran\u00ebs<\/p><p><strong>Koh\u00ebzgjatja<\/strong>: 18 muaj<br \/><strong>Fusha<\/strong>: Shkencat sociale dhe albanologjike &#8211; n\u00ebnfusha e inovacionit<br \/><strong>Drejtuesja e projektit<\/strong>: Prof. dr. Aljula Jubani<\/p><p><strong>An\u00ebtare t\u00eb grupit t\u00eb pun\u00ebs<\/strong>: Prof. asoc. Alnida Koroshi Prof.asoc. Anila \u00c7epani<br \/>Prof.asoc Maklena \u00c7abej<br \/>Prof. asoc. Ogerta Stroka<br \/>Prof. asoc. Rozana Rushiti<\/p><p>\u00a0<\/p><p><strong>Doktorante<\/strong>: Rafaela Marteta<br \/>\u00a0 \u00a0 \u00a0 \u00a0 \u00a0 \u00a0 \u00a0 \u00a0 \u00a0 \u00a0 \u00a0 \u00a0 \u00a0 \u00a0Teuta Buka<br \/>\u00a0 \u00a0 \u00a0 \u00a0 \u00a0 \u00a0 \u00a0 \u00a0 \u00a0 \u00a0 \u00a0 \u00a0 \u00a0 \u00a0Anila Aliaj<br \/>\u00a0 \u00a0 \u00a0 \u00a0 \u00a0 \u00a0 \u00a0 \u00a0 \u00a0 \u00a0 \u00a0 \u00a0 \u00a0 \u00a0Ksenia Ferro<\/p><p>\u00a0<\/p><p><strong>P\u00ebrmbledhje e projektit<\/strong><\/p><p>Veprimtaria e administrat\u00ebs publike, si nj\u00eb fush\u00eb nd\u00ebrdisiplinore, bazohet n\u00eb nj\u00eb s\u00ebr\u00eb qasjesh e parimesh teorike, q\u00eb lidhen me aspekte t\u00eb ve\u00e7anta t\u00eb veprimtaris\u00eb s\u00eb saj.<\/p><p>P\u00ebrgatitja e dokumenteve dhe e shkresave zyrtare t\u00eb administrat\u00ebs publike \u00ebsht\u00eb nj\u00eb aspekt i r\u00ebnd\u00ebsish\u00ebm i komunikimit administrativ, sipas t\u00eb cilit duhet t\u00eb respektohen kufijt\u00eb e komunikimit formal dhe sakt\u00ebsia gjuh\u00ebsore. V\u00ebmendja e pamjaftueshme ndaj k\u00ebtyre \u00e7\u00ebshtjeve mund t\u00eb \u00e7oj\u00eb n\u00eb komunikim t\u00eb paqart\u00eb, nd\u00ebrlikime ligjore, si dhe t\u00eb krijoj\u00eb nj\u00eb imazh joprofesional p\u00ebr institucionet. Ky problem vjen e shtohet p\u00ebr shkak t\u00eb munges\u00ebs s\u00eb udh\u00ebzuesve t\u00eb standardizuar dhe t\u00eb trajnimeve, t\u00eb p\u00ebrshtatura posa\u00e7\u00ebrisht p\u00ebr punonj\u00ebsit e administrat\u00ebs n\u00eb sektor\u00eb t\u00eb ndrysh\u00ebm.<\/p><p>Ky projekt synon t\u00eb p\u00ebrmir\u00ebsoj\u00eb cil\u00ebsin\u00eb e komunikimit zyrtar n\u00eb administrat\u00ebn publike shqiptare p\u00ebrmes hartimit t\u00eb nj\u00eb manuali standard p\u00ebr dokumentet dhe shkresat zyrtare, si dhe zhvillimit t\u00eb moduleve trajnimi p\u00ebr punonj\u00ebsit e administrat\u00ebs n\u00eb nivel qendror dhe lokal.<\/p><p>N\u00eb nj\u00eb kontekst ku p\u00ebrdorimi i gjuh\u00ebs shqipe n\u00eb funksione zyrtare \u00ebsht\u00eb jo gjithmon\u00eb i standardizuar, projekti nd\u00ebrthur qasjen historike, gjuh\u00ebsore dhe praktike p\u00ebr t\u00eb nd\u00ebrtuar nj\u00eb ur\u00eb t\u00eb q\u00ebndrueshme midis norm\u00ebs gjuh\u00ebsore dhe nevojave reale t\u00eb administrat\u00ebs moderne.<\/p><p>\u00a0<\/p><p><strong>Objektivat kryesore<\/strong><\/p><ol><li>Hartimi i nj\u00eb manuali p\u00ebr dokumentacionin zyrtar, me udh\u00ebzime gjuh\u00ebsore dhe formale t\u00eb qarta dhe t\u00eb zbatueshme.<\/li><li>Qasje digjitale p\u00ebrmes nd\u00ebrtimit t\u00eb nj\u00eb direktorie t\u00eb dedikuar n\u00eb faqen e internetit t\u00eb ISE-s\u00eb.<\/li><li>Zhvillimi i moduleve trajnimi, n\u00eb bashk\u00ebpunim me ASPA-n, p\u00ebr p\u00ebrmir\u00ebsimin e aft\u00ebsive t\u00eb punonj\u00ebsve t\u00eb administrat\u00ebs publike n\u00eb hartimin e shkresave zyrtare.<\/li><\/ol><p>\u00a0<\/p><p><strong>Rezultatet e pritshme<\/strong><\/p><ul><li>Manual i p\u00ebrgatitur dhe i shp\u00ebrndar\u00eb n\u00eb nivel institucional dhe komb\u00ebtar.<\/li><li>Web-direktori e dedikuar p\u00ebr stilin administrativ, me mund\u00ebsi komunikimi.<\/li><li>Pilotim dhe certifikim i moduleve trajnimi, me synimin p\u00ebr t\u2019u integruar n\u00eb paketat standarde t\u00eb trajnimit t\u00eb administrat\u00ebs publike.<\/li><li>Botimi i t\u00eb pakt\u00ebn tre artikujve shkencor\u00eb n\u00eb revista komb\u00ebtare dhe nd\u00ebrkomb\u00ebtare.<\/li><li>Organizimi i nj\u00eb konference nd\u00ebrkomb\u00ebtare p\u00ebr standardizimin e gjuh\u00ebs dhe dokumentacionit zyrtar.<\/li><\/ul><p>\u00a0<\/p><p><strong>Pse \u00ebsht\u00eb ky projekt i r\u00ebnd\u00ebsish\u00ebm?<\/strong><\/p><p>N\u00eb p\u00ebrputhje me shpalljen e vitit 2024 si &#8220;Viti i Gjuh\u00ebs Shqipe&#8221;, projekti synon t\u00eb sjell\u00eb nj\u00eb kontribut konkret n\u00eb standardizimin e stilit zyrtar, duke ndikuar drejtp\u00ebrdrejt n\u00eb rritjen e profesionalizmit institucional dhe n\u00eb qart\u00ebsin\u00eb e komunikimit administrativ.<\/p><p>Ky \u00ebsht\u00eb nj\u00eb hap q\u00eb ndihmon p\u00ebr funksionimin e nj\u00eb administrate publike m\u00eb t\u00eb efektshme, m\u00eb transparente dhe m\u00eb t\u00eb kuptueshme p\u00ebr qytetar\u00ebt.<\/p><p>\u00a0<\/p><p><strong>P\u00ebr \u00e7do pyetje<\/strong> na shkruani n\u00eb adres\u00ebn: [aljula.jubani@unitir.edu.al]<br \/>Manuali dhe materialet do t\u00eb jen\u00eb s\u00eb shpejti t\u00eb aksesueshme online.<\/p><p>\u00a0<\/p>\t\t\t\t\t\t<\/div>\n\t\t\t\t<\/div>\n\t\t\t\t\t<\/div>\n\t\t<\/div>\n\t\t\t\t\t\t\t<\/div>\n\t\t<\/section>\n\t\t\t\t\t\t\t<\/div>","protected":false},"excerpt":{"rendered":"<p>Projekti: Rritja e cil\u00ebsis\u00eb s\u00eb burimeve njer\u00ebzore t\u00eb administrat\u00ebs publike n\u00eb konceptimin dhe shkrimin e dokumentacionit zyrtar \u00a0 Institucioni financues: AKKSHI Institucioni zbatues: Instituti i Studimeve Evropiane, Universiteti i Tiran\u00ebs [&hellip;]<\/p>","protected":false},"author":1,"featured_media":0,"parent":0,"menu_order":0,"comment_status":"closed","ping_status":"closed","template":"elementor_header_footer","meta":{"footnotes":""},"class_list":["post-2501","page","type-page","status-publish","hentry"],"_links":{"self":[{"href":"https:\/\/ise.edu.al\/en\/wp-json\/wp\/v2\/pages\/2501","targetHints":{"allow":["GET"]}}],"collection":[{"href":"https:\/\/ise.edu.al\/en\/wp-json\/wp\/v2\/pages"}],"about":[{"href":"https:\/\/ise.edu.al\/en\/wp-json\/wp\/v2\/types\/page"}],"author":[{"embeddable":true,"href":"https:\/\/ise.edu.al\/en\/wp-json\/wp\/v2\/users\/1"}],"replies":[{"embeddable":true,"href":"https:\/\/ise.edu.al\/en\/wp-json\/wp\/v2\/comments?post=2501"}],"version-history":[{"count":3,"href":"https:\/\/ise.edu.al\/en\/wp-json\/wp\/v2\/pages\/2501\/revisions"}],"predecessor-version":[{"id":2505,"href":"https:\/\/ise.edu.al\/en\/wp-json\/wp\/v2\/pages\/2501\/revisions\/2505"}],"wp:attachment":[{"href":"https:\/\/ise.edu.al\/en\/wp-json\/wp\/v2\/media?parent=2501"}],"curies":[{"name":"wp","href":"https:\/\/api.w.org\/{rel}","templated":true}]}}