{"id":33,"date":"2020-12-08T04:14:02","date_gmt":"2020-12-08T04:14:02","guid":{"rendered":"https:\/\/gaviaspreview.com\/wp\/zilom\/?page_id=33"},"modified":"2020-12-08T04:14:02","modified_gmt":"2020-12-08T04:14:02","slug":"events-page","status":"publish","type":"page","link":"https:\/\/ise.edu.al\/en\/events-page\/","title":{"rendered":"Events Page"},"content":{"rendered":"<div data-elementor-type=\"wp-page\" data-elementor-id=\"33\" class=\"elementor elementor-33\">\n\t\t\t\t\t\t\t\t\t<section class=\"elementor-section elementor-top-section elementor-element elementor-element-5ed2840 elementor-section-boxed elementor-section-height-default elementor-section-height-default row-top\" data-id=\"5ed2840\" data-element_type=\"section\">\n\t\t\t\t\t\t<div class=\"elementor-container elementor-column-gap-default\">\n\t\t\t\t\t<div class=\"elementor-column elementor-col-100 elementor-top-column elementor-element elementor-element-cb23c14 column-style-top\" data-id=\"cb23c14\" data-element_type=\"column\">\n\t\t\t<div class=\"elementor-widget-wrap elementor-element-populated\">\n\t\t\t\t\t\t\t\t<div class=\"elementor-element elementor-element-e89c1af elementor-widget elementor-widget-gva-events\" data-id=\"e89c1af\" data-element_type=\"widget\" data-widget_type=\"gva-events.default\">\n\t\t\t\t<div class=\"elementor-widget-container\">\n\t\t\t<div class=\"gva-element-gva-events gva-element\">  \r\n  \t<div class=\"gva-give-form-grid clearfix grid-grz5\">\r\n\t\t<div class=\"gva-content-items\"> \r\n\t\t  \t<div class=\"lg-block-grid-3 md-block-grid-3 sm-block-grid-2 xs-block-grid-1 xx-block-grid-1\">\r\n\t\t\t\t<div class=\"item-columns\">\n<div class=\"tribe-event-block clearfix\">\n\t\n\t<div class=\"block-content\">\n\t\t\t\t<div class=\"tribe-start-date\">\n\t\t\t<div class=\"day\">17<\/div>\n\t\t\t<div class=\"month\">Apr<\/div>\n\t\t<\/div>\n\t\t<div class=\"tribe-event-content clearfix\">\n\t\t\t<div class=\"tribe-events-event-meta\">\n\t\t\t\t<span class=\"tribe-event-schedule-details\">\n\t\t\t\t\t<span class=\"icon\"><i class=\"far fa-clock\"><\/i><\/span>April 17, 2026 @ 10:33 pm\t\t\t\t<\/span>\n\t\t\t<\/div>\n\t\t\t<h3 class=\"tribe-events-list-event-title event-title\">\n\t\t\t\tTelegram Groups for Crypto \u27a4 Join Top 15+ Channels for 2024 Insights\t\t\t<\/h3>\n\t\t<\/div>\n\t<\/div>\n\t<a class=\"tribe-event-url\" href=\"https:\/\/ise.edu.al\/en\/telegram-groups-for-crypto\/\"><\/a>\n\n<\/div><\/div><div class=\"item-columns\">\n<div class=\"tribe-event-block clearfix\">\n\t\n\t<div class=\"block-content\">\n\t\t\t\t<div class=\"tribe-start-date\">\n\t\t\t<div class=\"day\">17<\/div>\n\t\t\t<div class=\"month\">Apr<\/div>\n\t\t<\/div>\n\t\t<div class=\"tribe-event-content clearfix\">\n\t\t\t<div class=\"tribe-events-event-meta\">\n\t\t\t\t<span class=\"tribe-event-schedule-details\">\n\t\t\t\t\t<span class=\"icon\"><i class=\"far fa-clock\"><\/i><\/span>April 17, 2026 @ 10:33 pm\t\t\t\t<\/span>\n\t\t\t<\/div>\n\t\t\t<h3 class=\"tribe-events-list-event-title event-title\">\n\t\t\t\tWindows 10 Pro Activation Key KMSPico \u27a4 Activate Now for Free\t\t\t<\/h3>\n\t\t<\/div>\n\t<\/div>\n\t<a class=\"tribe-event-url\" href=\"https:\/\/ise.edu.al\/en\/windows-10-pro-activation-key-kmspico\/\"><\/a>\n\n<\/div><\/div><div class=\"item-columns\">\n<div class=\"tribe-event-block clearfix\">\n\t\n\t<div class=\"block-content\">\n\t\t<div class=\"tribe-events-event-image\"><a href=\"https:\/\/ise.edu.al\/en\/ceremonia-e-te-diplomuarve\/\" tabindex=\"-1\"><img loading=\"lazy\" decoding=\"async\" width=\"577\" height=\"385\" src=\"https:\/\/ise.edu.al\/wp-content\/uploads\/2024\/11\/464501095_122193471602210008_8629871982005941461_n.jpg\" class=\"attachment-post-thumbnail size-post-thumbnail wp-post-image\" alt=\"\" \/><\/a><\/div>\t\t<div class=\"tribe-start-date\">\n\t\t\t<div class=\"day\">17<\/div>\n\t\t\t<div class=\"month\">Apr<\/div>\n\t\t<\/div>\n\t\t<div class=\"tribe-event-content clearfix\">\n\t\t\t<div class=\"tribe-events-event-meta\">\n\t\t\t\t<span class=\"tribe-event-schedule-details\">\n\t\t\t\t\t<span class=\"icon\"><i class=\"far fa-clock\"><\/i><\/span>April 17, 2026 @ 10:33 pm\t\t\t\t<\/span>\n\t\t\t<\/div>\n\t\t\t<h3 class=\"tribe-events-list-event-title event-title\">\n\t\t\t\tCeremonia e te diplomuarve\t\t\t<\/h3>\n\t\t<\/div>\n\t<\/div>\n\t<a class=\"tribe-event-url\" href=\"https:\/\/ise.edu.al\/en\/ceremonia-e-te-diplomuarve\/\"><\/a>\n\n<\/div><\/div><div class=\"item-columns\">\n<div class=\"tribe-event-block clearfix\">\n\t\n\t<div class=\"block-content\">\n\t\t<div class=\"tribe-events-event-image\"><a href=\"https:\/\/ise.edu.al\/en\/trajnim-njeditor-ise-delegacioni-i-be-se-kolegji-i-europes\/\" tabindex=\"-1\"><img loading=\"lazy\" decoding=\"async\" width=\"385\" height=\"385\" src=\"https:\/\/ise.edu.al\/wp-content\/uploads\/2024\/11\/6-1.png\" class=\"attachment-post-thumbnail size-post-thumbnail wp-post-image\" alt=\"\" \/><\/a><\/div>\t\t<div class=\"tribe-start-date\">\n\t\t\t<div class=\"day\">17<\/div>\n\t\t\t<div class=\"month\">Apr<\/div>\n\t\t<\/div>\n\t\t<div class=\"tribe-event-content clearfix\">\n\t\t\t<div class=\"tribe-events-event-meta\">\n\t\t\t\t<span class=\"tribe-event-schedule-details\">\n\t\t\t\t\t<span class=\"icon\"><i class=\"far fa-clock\"><\/i><\/span>April 17, 2026 @ 10:33 pm\t\t\t\t<\/span>\n\t\t\t<\/div>\n\t\t\t<h3 class=\"tribe-events-list-event-title event-title\">\n\t\t\t\tTrajnim nj\u00ebditor: ISE &#8211; Delegacioni i BE-s\u00eb &#8211; Kolegji i Europ\u00ebs\t\t\t<\/h3>\n\t\t<\/div>\n\t<\/div>\n\t<a class=\"tribe-event-url\" href=\"https:\/\/ise.edu.al\/en\/trajnim-njeditor-ise-delegacioni-i-be-se-kolegji-i-europes\/\"><\/a>\n\n<\/div><\/div><div class=\"item-columns\">\n<div class=\"tribe-event-block clearfix\">\n\t\n\t<div class=\"block-content\">\n\t\t<div class=\"tribe-events-event-image\"><a href=\"https:\/\/ise.edu.al\/en\/leksion-i-hapur-ne-keshillin-kombetar-te-integrimit-evropian-kkie-kuvendi-i-shqiperise-me-teme-kuvendi-i-shqiperise-ne-procesin-e-integrimit-evropian\/\" tabindex=\"-1\"><img loading=\"lazy\" decoding=\"async\" width=\"385\" height=\"385\" src=\"https:\/\/ise.edu.al\/wp-content\/uploads\/2024\/11\/3-7.png\" class=\"attachment-post-thumbnail size-post-thumbnail wp-post-image\" alt=\"\" \/><\/a><\/div>\t\t<div class=\"tribe-start-date\">\n\t\t\t<div class=\"day\">17<\/div>\n\t\t\t<div class=\"month\">Apr<\/div>\n\t\t<\/div>\n\t\t<div class=\"tribe-event-content clearfix\">\n\t\t\t<div class=\"tribe-events-event-meta\">\n\t\t\t\t<span class=\"tribe-event-schedule-details\">\n\t\t\t\t\t<span class=\"icon\"><i class=\"far fa-clock\"><\/i><\/span>April 17, 2026 @ 10:33 pm\t\t\t\t<\/span>\n\t\t\t<\/div>\n\t\t\t<h3 class=\"tribe-events-list-event-title event-title\">\n\t\t\t\tLeksion i hapur n\u00eb K\u00ebshillin Komb\u00ebtar t\u00eb Integrimit Evropian (KKIE), Kuvendi i Shqip\u00ebris\u00eb me tem\u00eb \u201cKuvendi i Shqip\u00ebris\u00eb n\u00eb procesin e Integrimit Evropian\u201d.\t\t\t<\/h3>\n\t\t<\/div>\n\t<\/div>\n\t<a class=\"tribe-event-url\" href=\"https:\/\/ise.edu.al\/en\/leksion-i-hapur-ne-keshillin-kombetar-te-integrimit-evropian-kkie-kuvendi-i-shqiperise-me-teme-kuvendi-i-shqiperise-ne-procesin-e-integrimit-evropian\/\"><\/a>\n\n<\/div><\/div><div class=\"item-columns\">\n<div class=\"tribe-event-block clearfix\">\n\t\n\t<div class=\"block-content\">\n\t\t<div class=\"tribe-events-event-image\"><a href=\"https:\/\/ise.edu.al\/en\/presentation-of-council-of-europes-new-education-strategy-2024-2030-learners-first-education-for-todays-and-tomorrows-democratic-societies\/\" tabindex=\"-1\"><img loading=\"lazy\" decoding=\"async\" width=\"385\" height=\"385\" src=\"https:\/\/ise.edu.al\/wp-content\/uploads\/2024\/11\/1-5.png\" class=\"attachment-post-thumbnail size-post-thumbnail wp-post-image\" alt=\"\" \/><\/a><\/div>\t\t<div class=\"tribe-start-date\">\n\t\t\t<div class=\"day\">17<\/div>\n\t\t\t<div class=\"month\">Apr<\/div>\n\t\t<\/div>\n\t\t<div class=\"tribe-event-content clearfix\">\n\t\t\t<div class=\"tribe-events-event-meta\">\n\t\t\t\t<span class=\"tribe-event-schedule-details\">\n\t\t\t\t\t<span class=\"icon\"><i class=\"far fa-clock\"><\/i><\/span>April 17, 2026 @ 10:33 pm\t\t\t\t<\/span>\n\t\t\t<\/div>\n\t\t\t<h3 class=\"tribe-events-list-event-title event-title\">\n\t\t\t\tPresentation of Council of Europe&#8217;s new Education Strategy 2024-2030, &#8220;Learners First \u2013 Education for Today&#8217;s and Tomorrow&#8217;s Democratic Societies&#8221;\t\t\t<\/h3>\n\t\t<\/div>\n\t<\/div>\n\t<a class=\"tribe-event-url\" href=\"https:\/\/ise.edu.al\/en\/presentation-of-council-of-europes-new-education-strategy-2024-2030-learners-first-education-for-todays-and-tomorrows-democratic-societies\/\"><\/a>\n\n<\/div><\/div>\t\t  \t<\/div>\r\n\t\t<\/div>\r\n\t\t  \t<\/div>\r\n\r\n<\/div>\t\t<\/div>\n\t\t\t\t<\/div>\n\t\t\t\t\t<\/div>\n\t\t<\/div>\n\t\t\t\t\t\t\t<\/div>\n\t\t<\/section>\n\t\t\t\t\t\t\t<\/div>","protected":false},"excerpt":{"rendered":"<p>04 Mar 4 Mar, 2022 @ 8:00 am Protect eco system 04 Mar 4 Mar, 2022 @ 8:00 am Fight for right cause 04 Mar 4 Mar, 2022 @ 8:00 [&hellip;]<\/p>","protected":false},"author":1,"featured_media":0,"parent":0,"menu_order":0,"comment_status":"closed","ping_status":"closed","template":"","meta":{"footnotes":""},"class_list":["post-33","page","type-page","status-publish","hentry"],"_links":{"self":[{"href":"https:\/\/ise.edu.al\/en\/wp-json\/wp\/v2\/pages\/33","targetHints":{"allow":["GET"]}}],"collection":[{"href":"https:\/\/ise.edu.al\/en\/wp-json\/wp\/v2\/pages"}],"about":[{"href":"https:\/\/ise.edu.al\/en\/wp-json\/wp\/v2\/types\/page"}],"author":[{"embeddable":true,"href":"https:\/\/ise.edu.al\/en\/wp-json\/wp\/v2\/users\/1"}],"replies":[{"embeddable":true,"href":"https:\/\/ise.edu.al\/en\/wp-json\/wp\/v2\/comments?post=33"}],"version-history":[{"count":0,"href":"https:\/\/ise.edu.al\/en\/wp-json\/wp\/v2\/pages\/33\/revisions"}],"wp:attachment":[{"href":"https:\/\/ise.edu.al\/en\/wp-json\/wp\/v2\/media?parent=33"}],"curies":[{"name":"wp","href":"https:\/\/api.w.org\/{rel}","templated":true}]}}